{"id":1823,"date":"2026-02-12T11:04:30","date_gmt":"2026-02-12T11:04:30","guid":{"rendered":"https:\/\/obozygestalt.pl\/?page_id=1823"},"modified":"2026-02-13T17:26:06","modified_gmt":"2026-02-13T17:26:06","slug":"standardy-ochrony-dzieci","status":"publish","type":"page","link":"https:\/\/obozygestalt.pl\/?page_id=1823","title":{"rendered":"standardy-ochrony-dzieci"},"content":{"rendered":"<style>.wp-block-kadence-advancedheading.kt-adv-heading1823_5e3534-c8, .wp-block-kadence-advancedheading.kt-adv-heading1823_5e3534-c8[data-kb-block=\"kb-adv-heading1823_5e3534-c8\"]{padding-top:var(--global-kb-spacing-5xl, 10rem);padding-bottom:var(--global-kb-spacing-xl, 4rem);padding-left:var(--global-kb-spacing-xs, 1rem);font-style:normal;}.wp-block-kadence-advancedheading.kt-adv-heading1823_5e3534-c8 mark.kt-highlight, .wp-block-kadence-advancedheading.kt-adv-heading1823_5e3534-c8[data-kb-block=\"kb-adv-heading1823_5e3534-c8\"] mark.kt-highlight{font-style:normal;color:#f76a0c;-webkit-box-decoration-break:clone;box-decoration-break:clone;padding-top:0px;padding-right:0px;padding-bottom:0px;padding-left:0px;}.wp-block-kadence-advancedheading.kt-adv-heading1823_5e3534-c8 img.kb-inline-image, .wp-block-kadence-advancedheading.kt-adv-heading1823_5e3534-c8[data-kb-block=\"kb-adv-heading1823_5e3534-c8\"] img.kb-inline-image{width:150px;vertical-align:baseline;}<\/style>\n<h1 class=\"kt-adv-heading1823_5e3534-c8 wp-block-kadence-advancedheading has-theme-palette-2-background-color has-background\" data-kb-block=\"kb-adv-heading1823_5e3534-c8\">Bezpiecze\u0144stwo uczestnik\u00f3w<\/h1>\n\n\n<style>.kb-row-layout-id1823_bb1775-42 > .kt-row-column-wrap{align-content:start;}:where(.kb-row-layout-id1823_bb1775-42 > .kt-row-column-wrap) > .wp-block-kadence-column{justify-content:start;}.kb-row-layout-id1823_bb1775-42 > .kt-row-column-wrap{column-gap:var(--global-kb-gap-md, 2rem);row-gap:var(--global-kb-gap-md, 2rem);padding-top:var(--global-kb-spacing-sm, 1.5rem);padding-bottom:var(--global-kb-spacing-sm, 1.5rem);grid-template-columns:minmax(0, 1fr);}.kb-row-layout-id1823_bb1775-42 > .kt-row-layout-overlay{opacity:0.30;}@media all and (max-width: 1024px){.kb-row-layout-id1823_bb1775-42 > .kt-row-column-wrap{grid-template-columns:minmax(0, 1fr);}}@media all and (max-width: 767px){.kb-row-layout-id1823_bb1775-42 > .kt-row-column-wrap{grid-template-columns:minmax(0, 1fr);}}<\/style><div class=\"kb-row-layout-wrap kb-row-layout-id1823_bb1775-42 alignnone wp-block-kadence-rowlayout\"><div class=\"kt-row-column-wrap kt-has-1-columns kt-row-layout-equal kt-tab-layout-inherit kt-mobile-layout-row kt-row-valign-top\">\n<style>.kadence-column1823_6e17ce-80 > .kt-inside-inner-col,.kadence-column1823_6e17ce-80 > .kt-inside-inner-col:before{border-top-left-radius:0px;border-top-right-radius:0px;border-bottom-right-radius:0px;border-bottom-left-radius:0px;}.kadence-column1823_6e17ce-80 > .kt-inside-inner-col{column-gap:var(--global-kb-gap-sm, 1rem);}.kadence-column1823_6e17ce-80 > .kt-inside-inner-col{flex-direction:column;}.kadence-column1823_6e17ce-80 > .kt-inside-inner-col > .aligncenter{width:100%;}.kadence-column1823_6e17ce-80 > .kt-inside-inner-col:before{opacity:0.3;}.kadence-column1823_6e17ce-80{position:relative;}@media all and (max-width: 1024px){.kadence-column1823_6e17ce-80 > .kt-inside-inner-col{flex-direction:column;justify-content:center;}}@media all and (max-width: 767px){.kadence-column1823_6e17ce-80 > .kt-inside-inner-col{flex-direction:column;justify-content:center;}}<\/style>\n<div class=\"wp-block-kadence-column kadence-column1823_6e17ce-80\"><div class=\"kt-inside-inner-col\"><style>.wp-block-kadence-column.kb-section-dir-horizontal > .kt-inside-inner-col > .kt-info-box1823_818030-83{max-width:850px;}.wp-block-kadence-column.kb-section-dir-horizontal > .kt-inside-inner-col > .kt-info-box1823_818030-83 .kt-blocks-info-box-link-wrap{max-width:unset;}.kt-info-box1823_818030-83 .kt-blocks-info-box-link-wrap{max-width:850px;padding-top:var(--global-kb-spacing-xs, 1rem);padding-right:var(--global-kb-spacing-xl, 4rem);padding-bottom:var(--global-kb-spacing-xs, 1rem);padding-left:var(--global-kb-spacing-xl, 4rem);}.kt-info-box1823_818030-83 .kadence-info-box-icon-container .kt-info-svg-icon, .kt-info-box1823_818030-83 .kt-info-svg-icon-flip, .kt-info-box1823_818030-83 .kt-blocks-info-box-number{font-size:50px;}.kt-info-box1823_818030-83 .kt-blocks-info-box-media{border-top-width:0px;border-right-width:0px;border-bottom-width:0px;border-left-width:0px;padding-top:10px;padding-right:10px;padding-bottom:10px;padding-left:10px;}.kt-info-box1823_818030-83 .kt-blocks-info-box-media-container{margin-top:0px;margin-right:15px;margin-bottom:0px;margin-left:15px;}.kt-info-box1823_818030-83 .kt-blocks-info-box-learnmore{background:transparent;border-width:0px 0px 0px 0px;padding-top:4px;padding-right:8px;padding-bottom:4px;padding-left:8px;margin-top:10px;margin-right:0px;margin-bottom:10px;margin-left:0px;}<\/style>\n<div class=\"wp-block-kadence-infobox kt-info-box1823_818030-83\"><span class=\"kt-blocks-info-box-link-wrap info-box-link kt-blocks-info-box-media-align-top kt-info-halign-center\"><div class=\"kt-blocks-info-box-media-container\"><div class=\"kt-blocks-info-box-media kt-info-media-animate-none\"><div class=\"kadence-info-box-icon-container kt-info-icon-animate-none\"><div class=\"kadence-info-box-icon-inner-container\"><span class=\"kb-svg-icon-wrap kb-svg-icon-fe_umbrella kt-info-svg-icon\"><svg viewBox=\"0 0 24 24\"  fill=\"none\" stroke=\"currentColor\" stroke-width=\"2\" stroke-linecap=\"round\" stroke-linejoin=\"round\" xmlns=\"http:\/\/www.w3.org\/2000\/svg\"  aria-hidden=\"true\"><path d=\"M23 12a11.05 11.05 0 0 0-22 0zm-5 7a3 3 0 0 1-6 0v-7\"\/><\/svg><\/span><\/div><\/div><\/div><\/div><div class=\"kt-infobox-textcontent\"><h2 class=\"kt-blocks-info-box-title\">Standardy Ochrony Dzieci<\/h2><p class=\"kt-blocks-info-box-text\">Bezpiecze\u0144stwo i dobro uczestnik\u00f3w naszych oboz\u00f3w s\u0105 dla nas absolutnym priorytetem. Dzia\u0142aj\u0105c w trosce o najm\u0142odszych oraz zgodnie z obowi\u0105zuj\u0105cymi przepisami prawa (tzw. Ustaw\u0105 o ochronie ma\u0142oletnich), wdro\u017cyli\u015bmy w Centrum Counsellingu Gestalt oficjalne \u201eStandardy Ochrony Dzieci\u201d.<br>Dokument ten okre\u015bla jasne zasady, procedury interwencyjne oraz standardy zachowa\u0144, kt\u00f3re gwarantuj\u0105 bezpieczne i przyjazne \u015brodowisko podczas wszystkich naszych wyjazd\u00f3w.<br>Zach\u0119camy rodzic\u00f3w oraz opiekun\u00f3w do zapoznania si\u0119 z pe\u0142n\u0105 tre\u015bci\u0105 dokumentu.<br><br><\/p><\/div><\/span><\/div>\n<\/div><\/div>\n\n<\/div><\/div>\n\n<style>.wp-block-kadence-advancedbtn.kt-btns1823_0fa3ac-60, .site .entry-content .wp-block-kadence-advancedbtn.kt-btns1823_0fa3ac-60, .wp-block-kadence-advancedbtn.kb-btns1823_0fa3ac-60, .site .entry-content .wp-block-kadence-advancedbtn.kb-btns1823_0fa3ac-60{margin-top:var(--global-kb-spacing-xs, 1rem);}.wp-block-kadence-advancedbtn.kb-btns1823_0fa3ac-60{gap:var(--global-kb-gap-xs, 0.5rem );justify-content:center;align-items:center;}.kt-btns1823_0fa3ac-60 .kt-button{font-weight:normal;font-style:normal;}.kt-btns1823_0fa3ac-60 .kt-btn-wrap-0{margin-right:5px;}.wp-block-kadence-advancedbtn.kt-btns1823_0fa3ac-60 .kt-btn-wrap-0 .kt-button{color:#555555;border-color:#555555;}.wp-block-kadence-advancedbtn.kt-btns1823_0fa3ac-60 .kt-btn-wrap-0 .kt-button:hover, .wp-block-kadence-advancedbtn.kt-btns1823_0fa3ac-60 .kt-btn-wrap-0 .kt-button:focus{color:#ffffff;border-color:#444444;}.wp-block-kadence-advancedbtn.kt-btns1823_0fa3ac-60 .kt-btn-wrap-0 .kt-button::before{display:none;}.wp-block-kadence-advancedbtn.kt-btns1823_0fa3ac-60 .kt-btn-wrap-0 .kt-button:hover, .wp-block-kadence-advancedbtn.kt-btns1823_0fa3ac-60 .kt-btn-wrap-0 .kt-button:focus{background:#444444;}<\/style>\n<div class=\"wp-block-kadence-advancedbtn kb-buttons-wrap kb-btns1823_0fa3ac-60\"><style>ul.menu .wp-block-kadence-advancedbtn .kb-btn1823_72c1e9-9b.kb-button{width:initial;}.wp-block-kadence-advancedbtn .kb-btn1823_72c1e9-9b.kb-button{margin-bottom:var(--global-kb-spacing-md, 2rem);}<\/style><a class=\"kb-button kt-button button kb-btn1823_72c1e9-9b kt-btn-size-standard kt-btn-width-type-auto kb-btn-global-fill  kt-btn-has-text-true kt-btn-has-svg-false  wp-block-kadence-singlebtn\" href=\"https:\/\/obozygestalt.pl\/wp-content\/uploads\/2026\/02\/standardy-ochrony-dzieci.pdf\" target=\"_blank\" rel=\"noreferrer noopener\"><span class=\"kt-btn-inner-text\">Pobierz Standardy Ochrony Dzieci (PDF)<\/span><\/a><\/div>\n","protected":false},"excerpt":{"rendered":"<p>Bezpiecze\u0144stwo uczestnik\u00f3w<\/p>\n","protected":false},"author":1,"featured_media":0,"parent":0,"menu_order":0,"comment_status":"closed","ping_status":"closed","template":"","meta":{"_EventAllDay":false,"_EventTimezone":"","_EventStartDate":"","_EventEndDate":"","_EventStartDateUTC":"","_EventEndDateUTC":"","_EventShowMap":false,"_EventShowMapLink":false,"_EventURL":"","_EventCost":"","_EventCostDescription":"","_EventCurrencySymbol":"","_EventCurrencyCode":"","_EventCurrencyPosition":"","_EventDateTimeSeparator":"","_EventTimeRangeSeparator":"","_EventOrganizerID":[],"_EventVenueID":[],"_OrganizerEmail":"","_OrganizerPhone":"","_OrganizerWebsite":"","_VenueAddress":"","_VenueCity":"","_VenueCountry":"","_VenueProvince":"","_VenueState":"","_VenueZip":"","_VenuePhone":"","_VenueURL":"","_VenueStateProvince":"","_VenueLat":"","_VenueLng":"","_VenueShowMap":false,"_VenueShowMapLink":false,"_kadence_starter_templates_imported_post":false,"_kad_post_transparent":"","_kad_post_title":"","_kad_post_layout":"","_kad_post_sidebar_id":"","_kad_post_content_style":"","_kad_post_vertical_padding":"","_kad_post_feature":"","_kad_post_feature_position":"","_kad_post_header":false,"_kad_post_footer":false,"_kad_post_classname":"","footnotes":""},"class_list":["post-1823","page","type-page","status-publish","hentry"],"_links":{"self":[{"href":"https:\/\/obozygestalt.pl\/index.php?rest_route=\/wp\/v2\/pages\/1823","targetHints":{"allow":["GET"]}}],"collection":[{"href":"https:\/\/obozygestalt.pl\/index.php?rest_route=\/wp\/v2\/pages"}],"about":[{"href":"https:\/\/obozygestalt.pl\/index.php?rest_route=\/wp\/v2\/types\/page"}],"author":[{"embeddable":true,"href":"https:\/\/obozygestalt.pl\/index.php?rest_route=\/wp\/v2\/users\/1"}],"replies":[{"embeddable":true,"href":"https:\/\/obozygestalt.pl\/index.php?rest_route=%2Fwp%2Fv2%2Fcomments&post=1823"}],"version-history":[{"count":8,"href":"https:\/\/obozygestalt.pl\/index.php?rest_route=\/wp\/v2\/pages\/1823\/revisions"}],"predecessor-version":[{"id":1890,"href":"https:\/\/obozygestalt.pl\/index.php?rest_route=\/wp\/v2\/pages\/1823\/revisions\/1890"}],"wp:attachment":[{"href":"https:\/\/obozygestalt.pl\/index.php?rest_route=%2Fwp%2Fv2%2Fmedia&parent=1823"}],"curies":[{"name":"wp","href":"https:\/\/api.w.org\/{rel}","templated":true}]}}