{"id":1943,"date":"2026-02-25T09:55:03","date_gmt":"2026-02-25T09:55:03","guid":{"rendered":"https:\/\/obozygestalt.pl\/?page_id=1943"},"modified":"2026-02-26T19:23:36","modified_gmt":"2026-02-26T19:23:36","slug":"historia","status":"publish","type":"page","link":"https:\/\/obozygestalt.pl\/?page_id=1943","title":{"rendered":"historia"},"content":{"rendered":"<style>.kb-row-layout-id1943_7e79ad-71 > .kt-row-column-wrap{align-content:start;}:where(.kb-row-layout-id1943_7e79ad-71 > .kt-row-column-wrap) > .wp-block-kadence-column{justify-content:start;}.kb-row-layout-id1943_7e79ad-71 > .kt-row-column-wrap{column-gap:var(--global-kb-gap-md, 2rem);row-gap:var(--global-kb-gap-md, 2rem);padding-bottom:var(--global-kb-spacing-xxs, 0.5rem);grid-template-columns:minmax(0, 1fr);}.kb-row-layout-id1943_7e79ad-71 > .kt-row-layout-overlay{opacity:0.30;}@media all and (max-width: 1024px){.kb-row-layout-id1943_7e79ad-71 > .kt-row-column-wrap{grid-template-columns:minmax(0, 1fr);}}@media all and (max-width: 767px){.kb-row-layout-id1943_7e79ad-71 > .kt-row-column-wrap{grid-template-columns:minmax(0, 1fr);}}<\/style><div class=\"kb-row-layout-wrap kb-row-layout-id1943_7e79ad-71 alignnone wp-block-kadence-rowlayout\"><div class=\"kt-row-column-wrap kt-has-1-columns kt-row-layout-equal kt-tab-layout-inherit kt-mobile-layout-row kt-row-valign-top\">\n<style>.kadence-column1943_e0a748-ea > .kt-inside-inner-col,.kadence-column1943_e0a748-ea > .kt-inside-inner-col:before{border-top-left-radius:0px;border-top-right-radius:0px;border-bottom-right-radius:0px;border-bottom-left-radius:0px;}.kadence-column1943_e0a748-ea > .kt-inside-inner-col{column-gap:var(--global-kb-gap-sm, 1rem);}.kadence-column1943_e0a748-ea > .kt-inside-inner-col{flex-direction:column;}.kadence-column1943_e0a748-ea > .kt-inside-inner-col > .aligncenter{width:100%;}.kadence-column1943_e0a748-ea > .kt-inside-inner-col{background-color:var(--global-palette10, #3182CE);}.kadence-column1943_e0a748-ea > .kt-inside-inner-col:before{opacity:0.3;}.kadence-column1943_e0a748-ea{position:relative;}@media all and (max-width: 1024px){.kadence-column1943_e0a748-ea > .kt-inside-inner-col{flex-direction:column;justify-content:center;}}@media all and (max-width: 767px){.kadence-column1943_e0a748-ea > .kt-inside-inner-col{flex-direction:column;justify-content:center;}}<\/style>\n<div class=\"wp-block-kadence-column kadence-column1943_e0a748-ea\"><div class=\"kt-inside-inner-col\"><style>.wp-block-kadence-advancedheading.kt-adv-heading1943_c10f42-be, .wp-block-kadence-advancedheading.kt-adv-heading1943_c10f42-be[data-kb-block=\"kb-adv-heading1943_c10f42-be\"]{padding-top:var(--global-kb-spacing-5xl, 10rem);padding-bottom:var(--global-kb-spacing-xxl, 5rem);margin-left:var(--global-kb-spacing-md, 2rem);text-align:left;font-style:normal;}.wp-block-kadence-advancedheading.kt-adv-heading1943_c10f42-be mark.kt-highlight, .wp-block-kadence-advancedheading.kt-adv-heading1943_c10f42-be[data-kb-block=\"kb-adv-heading1943_c10f42-be\"] mark.kt-highlight{font-style:normal;color:#f76a0c;-webkit-box-decoration-break:clone;box-decoration-break:clone;padding-top:0px;padding-right:0px;padding-bottom:0px;padding-left:0px;}.wp-block-kadence-advancedheading.kt-adv-heading1943_c10f42-be img.kb-inline-image, .wp-block-kadence-advancedheading.kt-adv-heading1943_c10f42-be[data-kb-block=\"kb-adv-heading1943_c10f42-be\"] img.kb-inline-image{width:150px;vertical-align:baseline;}<\/style>\n<h1 class=\"kt-adv-heading1943_c10f42-be wp-block-kadence-advancedheading\" data-kb-block=\"kb-adv-heading1943_c10f42-be\">HISTORIA<\/h1>\n<\/div><\/div>\n\n<\/div><\/div>\n\n<style>.kb-row-layout-id1943_add650-0c > .kt-row-column-wrap{align-content:start;}:where(.kb-row-layout-id1943_add650-0c > .kt-row-column-wrap) > .wp-block-kadence-column{justify-content:start;}.kb-row-layout-id1943_add650-0c > .kt-row-column-wrap{column-gap:var(--global-kb-gap-md, 2rem);row-gap:var(--global-kb-gap-md, 2rem);padding-top:var(--global-kb-spacing-md, 2rem);padding-bottom:var(--global-kb-spacing-xl, 4rem);grid-template-columns:repeat(2, minmax(0, 1fr));}.kb-row-layout-id1943_add650-0c > .kt-row-layout-overlay{opacity:0.30;}@media all and (max-width: 1024px){.kb-row-layout-id1943_add650-0c > .kt-row-column-wrap{grid-template-columns:repeat(2, minmax(0, 1fr));}}@media all and (max-width: 767px){.kb-row-layout-id1943_add650-0c > .kt-row-column-wrap{grid-template-columns:minmax(0, 1fr);}}<\/style><div class=\"kb-row-layout-wrap kb-row-layout-id1943_add650-0c alignnone wp-block-kadence-rowlayout\"><div class=\"kt-row-column-wrap kt-has-2-columns kt-row-layout-equal kt-tab-layout-inherit kt-mobile-layout-row kt-row-valign-top\">\n<style>.kadence-column1943_e78288-5f > .kt-inside-inner-col{display:flex;}.kadence-column1943_e78288-5f > .kt-inside-inner-col,.kadence-column1943_e78288-5f > .kt-inside-inner-col:before{border-top-left-radius:0px;border-top-right-radius:0px;border-bottom-right-radius:0px;border-bottom-left-radius:0px;}.kadence-column1943_e78288-5f > .kt-inside-inner-col{column-gap:var(--global-kb-gap-sm, 1rem);}.kadence-column1943_e78288-5f > .kt-inside-inner-col{flex-direction:column;justify-content:center;}.kadence-column1943_e78288-5f > .kt-inside-inner-col > .aligncenter{width:100%;}.kt-row-column-wrap > .kadence-column1943_e78288-5f{align-self:center;}.kt-inner-column-height-full:not(.kt-has-1-columns) > .wp-block-kadence-column.kadence-column1943_e78288-5f{align-self:auto;}.kt-inner-column-height-full:not(.kt-has-1-columns) > .wp-block-kadence-column.kadence-column1943_e78288-5f > .kt-inside-inner-col{flex-direction:column;justify-content:center;}.kadence-column1943_e78288-5f > .kt-inside-inner-col:before{opacity:0.3;}.kadence-column1943_e78288-5f{position:relative;}@media all and (max-width: 1024px){.kt-row-column-wrap > .kadence-column1943_e78288-5f{align-self:center;}}@media all and (max-width: 1024px){.kt-inner-column-height-full:not(.kt-has-1-columns) > .wp-block-kadence-column.kadence-column1943_e78288-5f{align-self:auto;}}@media all and (max-width: 1024px){.kt-inner-column-height-full:not(.kt-has-1-columns) > .wp-block-kadence-column.kadence-column1943_e78288-5f > .kt-inside-inner-col{flex-direction:column;justify-content:center;}}@media all and (max-width: 1024px){.kadence-column1943_e78288-5f > .kt-inside-inner-col{flex-direction:column;justify-content:center;}}@media all and (max-width: 767px){.kt-row-column-wrap > .kadence-column1943_e78288-5f{align-self:center;}.kt-inner-column-height-full:not(.kt-has-1-columns) > .wp-block-kadence-column.kadence-column1943_e78288-5f{align-self:auto;}.kt-inner-column-height-full:not(.kt-has-1-columns) > .wp-block-kadence-column.kadence-column1943_e78288-5f > .kt-inside-inner-col{flex-direction:column;justify-content:center;}.kadence-column1943_e78288-5f > .kt-inside-inner-col{flex-direction:column;justify-content:center;}}<\/style>\n<div class=\"wp-block-kadence-column kadence-column1943_e78288-5f\"><div class=\"kt-inside-inner-col\"><style>.wp-block-kadence-advancedheading.kt-adv-heading1943_8b2c10-c7, .wp-block-kadence-advancedheading.kt-adv-heading1943_8b2c10-c7[data-kb-block=\"kb-adv-heading1943_8b2c10-c7\"]{margin-left:var(--global-kb-spacing-sm, 1.5rem);font-style:normal;}.wp-block-kadence-advancedheading.kt-adv-heading1943_8b2c10-c7 mark.kt-highlight, .wp-block-kadence-advancedheading.kt-adv-heading1943_8b2c10-c7[data-kb-block=\"kb-adv-heading1943_8b2c10-c7\"] mark.kt-highlight{font-style:normal;color:#f76a0c;-webkit-box-decoration-break:clone;box-decoration-break:clone;padding-top:0px;padding-right:0px;padding-bottom:0px;padding-left:0px;}.wp-block-kadence-advancedheading.kt-adv-heading1943_8b2c10-c7 img.kb-inline-image, .wp-block-kadence-advancedheading.kt-adv-heading1943_8b2c10-c7[data-kb-block=\"kb-adv-heading1943_8b2c10-c7\"] img.kb-inline-image{width:150px;vertical-align:baseline;}<\/style>\n<p class=\"kt-adv-heading1943_8b2c10-c7 wp-block-kadence-advancedheading\" data-kb-block=\"kb-adv-heading1943_8b2c10-c7\">Nasze obozy to wyj\u0105tkowe przestrzenie, czerpi\u0105ce z bogatego dziedzictwa Olgi i Adama Haller\u00f3w \u2013 tw\u00f3rc\u00f3w unikalnego programu psychoedukacyjnego, kt\u00f3ry od lat 90. kszta\u0142tuje pokolenia m\u0142odych ludzi.<\/p>\n\n\n\n<p style=\"margin-top:0;margin-right:var(--wp--preset--spacing--50);margin-bottom:0;margin-left:var(--wp--preset--spacing--50)\"><br>Byli oni pionierami w \u0142\u0105czeniu wypoczynku z rozwojem emocjonalnym i spo\u0142ecznym. Ich program wyr\u00f3\u017cnia\u0142 si\u0119 podej\u015bciem holistycznym \u2013 patrzyli na ka\u017cdego m\u0142odego cz\u0142owieka w spos\u00f3b ca\u0142o\u015bciowy, traktuj\u0105c z ogromnym szacunkiem jego indywidualno\u015b\u0107 i autonomi\u0119.<\/p>\n\n\n\n<p style=\"margin-right:var(--wp--preset--spacing--50);margin-left:var(--wp--preset--spacing--50)\"><br>Adam, pracuj\u0105c wcze\u015bniej w strukturach Monaru, zdoby\u0142 ogromne do\u015bwiadczenie w pracy z m\u0142odzie\u017c\u0105 zagro\u017con\u0105 wykluczeniem spo\u0142ecznym. To mia\u0142o kluczowy wp\u0142yw na ukszta\u0142towanie m\u0105drych, \u017cyciowych program\u00f3w obozowych. <\/p>\n\n\n\n<p style=\"margin-right:var(--wp--preset--spacing--50);margin-left:var(--wp--preset--spacing--50)\">Olga, posiadaj\u0105ca wieloletnie do\u015bwiadczenie terapeutyczne w pracy z dzie\u0107mi, wnios\u0142a do wyjazd\u00f3w bezcenne elementy opieki, psychologicznego wsparcia i profilaktyki, kt\u00f3re stanowi\u0105 fundament naszych oboz\u00f3w do dzi\u015b.<\/p>\n<\/div><\/div>\n\n\n<style>.kadence-column1943_52211a-50 > .kt-inside-inner-col{display:flex;}.kadence-column1943_52211a-50 > .kt-inside-inner-col,.kadence-column1943_52211a-50 > .kt-inside-inner-col:before{border-top-left-radius:0px;border-top-right-radius:0px;border-bottom-right-radius:0px;border-bottom-left-radius:0px;}.kadence-column1943_52211a-50 > .kt-inside-inner-col{column-gap:var(--global-kb-gap-sm, 1rem);}.kadence-column1943_52211a-50 > .kt-inside-inner-col{flex-direction:column;justify-content:center;}.kadence-column1943_52211a-50 > .kt-inside-inner-col > .aligncenter{width:100%;}.kt-row-column-wrap > .kadence-column1943_52211a-50{align-self:center;}.kt-inner-column-height-full:not(.kt-has-1-columns) > .wp-block-kadence-column.kadence-column1943_52211a-50{align-self:auto;}.kt-inner-column-height-full:not(.kt-has-1-columns) > .wp-block-kadence-column.kadence-column1943_52211a-50 > .kt-inside-inner-col{flex-direction:column;justify-content:center;}.kadence-column1943_52211a-50 > .kt-inside-inner-col:before{opacity:0.3;}.kadence-column1943_52211a-50{position:relative;}@media all and (max-width: 1024px){.kt-row-column-wrap > .kadence-column1943_52211a-50{align-self:center;}}@media all and (max-width: 1024px){.kt-inner-column-height-full:not(.kt-has-1-columns) > .wp-block-kadence-column.kadence-column1943_52211a-50{align-self:auto;}}@media all and (max-width: 1024px){.kt-inner-column-height-full:not(.kt-has-1-columns) > .wp-block-kadence-column.kadence-column1943_52211a-50 > .kt-inside-inner-col{flex-direction:column;justify-content:center;}}@media all and (max-width: 1024px){.kadence-column1943_52211a-50 > .kt-inside-inner-col{flex-direction:column;justify-content:center;}}@media all and (max-width: 767px){.kt-row-column-wrap > .kadence-column1943_52211a-50{align-self:center;}.kt-inner-column-height-full:not(.kt-has-1-columns) > .wp-block-kadence-column.kadence-column1943_52211a-50{align-self:auto;}.kt-inner-column-height-full:not(.kt-has-1-columns) > .wp-block-kadence-column.kadence-column1943_52211a-50 > .kt-inside-inner-col{flex-direction:column;justify-content:center;}.kadence-column1943_52211a-50 > .kt-inside-inner-col{flex-direction:column;justify-content:center;}}<\/style>\n<div class=\"wp-block-kadence-column kadence-column1943_52211a-50\"><div class=\"kt-inside-inner-col\"><style>.kb-image1943_2c2ec6-2d .kb-image-has-overlay:after{opacity:0.3;}<\/style>\n<figure class=\"wp-block-kadence-image kb-image1943_2c2ec6-2d size-large\"><img loading=\"lazy\" decoding=\"async\" width=\"2008\" height=\"2007\" src=\"https:\/\/obozygestalt.pl\/wp-content\/uploads\/2026\/02\/Example-B-Roll-Image-1-scaled-1-edited.jpg\" alt=\"\" class=\"kb-img wp-image-2009\" srcset=\"https:\/\/obozygestalt.pl\/wp-content\/uploads\/2026\/02\/Example-B-Roll-Image-1-scaled-1-edited.jpg 2008w, https:\/\/obozygestalt.pl\/wp-content\/uploads\/2026\/02\/Example-B-Roll-Image-1-scaled-1-edited-300x300.jpg 300w, https:\/\/obozygestalt.pl\/wp-content\/uploads\/2026\/02\/Example-B-Roll-Image-1-scaled-1-edited-1024x1024.jpg 1024w, https:\/\/obozygestalt.pl\/wp-content\/uploads\/2026\/02\/Example-B-Roll-Image-1-scaled-1-edited-150x150.jpg 150w, https:\/\/obozygestalt.pl\/wp-content\/uploads\/2026\/02\/Example-B-Roll-Image-1-scaled-1-edited-768x768.jpg 768w, https:\/\/obozygestalt.pl\/wp-content\/uploads\/2026\/02\/Example-B-Roll-Image-1-scaled-1-edited-1536x1536.jpg 1536w\" sizes=\"auto, (max-width: 2008px) 100vw, 2008px\" \/><\/figure>\n<\/div><\/div>\n\n<\/div><\/div>\n\n<style>.kb-row-layout-id1943_423e45-91 > .kt-row-column-wrap{align-content:start;}:where(.kb-row-layout-id1943_423e45-91 > .kt-row-column-wrap) > .wp-block-kadence-column{justify-content:start;}.kb-row-layout-id1943_423e45-91 > .kt-row-column-wrap{column-gap:var(--global-kb-gap-md, 2rem);row-gap:var(--global-kb-gap-md, 2rem);max-width:800px;margin-left:auto;margin-right:auto;padding-top:var(--global-kb-spacing-xl, 4rem);padding-bottom:var(--global-kb-spacing-xl, 4rem);grid-template-columns:minmax(0, 1fr);}.kb-row-layout-id1943_423e45-91 > .kt-row-layout-overlay{opacity:0.30;}@media all and (max-width: 1024px){.kb-row-layout-id1943_423e45-91 > .kt-row-column-wrap{grid-template-columns:minmax(0, 1fr);}}@media all and (max-width: 767px){.kb-row-layout-id1943_423e45-91 > .kt-row-column-wrap{grid-template-columns:minmax(0, 1fr);}}<\/style><div class=\"kb-row-layout-wrap kb-row-layout-id1943_423e45-91 alignnone wp-block-kadence-rowlayout\"><div class=\"kt-row-column-wrap kt-has-1-columns kt-row-layout-equal kt-tab-layout-inherit kt-mobile-layout-row kt-row-valign-top\">\n<style>.kadence-column1943_e46c92-43 > .kt-inside-inner-col,.kadence-column1943_e46c92-43 > .kt-inside-inner-col:before{border-top-left-radius:0px;border-top-right-radius:0px;border-bottom-right-radius:0px;border-bottom-left-radius:0px;}.kadence-column1943_e46c92-43 > .kt-inside-inner-col{column-gap:var(--global-kb-gap-sm, 1rem);}.kadence-column1943_e46c92-43 > .kt-inside-inner-col{flex-direction:column;}.kadence-column1943_e46c92-43 > .kt-inside-inner-col > .aligncenter{width:100%;}.kadence-column1943_e46c92-43 > .kt-inside-inner-col:before{opacity:0.3;}.kadence-column1943_e46c92-43{position:relative;}@media all and (max-width: 1024px){.kadence-column1943_e46c92-43 > .kt-inside-inner-col{flex-direction:column;justify-content:center;}}@media all and (max-width: 767px){.kadence-column1943_e46c92-43 > .kt-inside-inner-col{flex-direction:column;justify-content:center;}}<\/style>\n<div class=\"wp-block-kadence-column kadence-column1943_e46c92-43\"><div class=\"kt-inside-inner-col\"><style>.wp-block-kadence-advancedheading.kt-adv-heading1943_8ff45b-b4, .wp-block-kadence-advancedheading.kt-adv-heading1943_8ff45b-b4[data-kb-block=\"kb-adv-heading1943_8ff45b-b4\"]{font-style:normal;}.wp-block-kadence-advancedheading.kt-adv-heading1943_8ff45b-b4 mark.kt-highlight, .wp-block-kadence-advancedheading.kt-adv-heading1943_8ff45b-b4[data-kb-block=\"kb-adv-heading1943_8ff45b-b4\"] mark.kt-highlight{font-style:normal;color:#f76a0c;-webkit-box-decoration-break:clone;box-decoration-break:clone;padding-top:0px;padding-right:0px;padding-bottom:0px;padding-left:0px;}.wp-block-kadence-advancedheading.kt-adv-heading1943_8ff45b-b4 img.kb-inline-image, .wp-block-kadence-advancedheading.kt-adv-heading1943_8ff45b-b4[data-kb-block=\"kb-adv-heading1943_8ff45b-b4\"] img.kb-inline-image{width:150px;vertical-align:baseline;}<\/style>\n<h2 class=\"kt-adv-heading1943_8ff45b-b4 wp-block-kadence-advancedheading\" data-kb-block=\"kb-adv-heading1943_8ff45b-b4\"><strong>Wizja Oboz\u00f3w Gestalt: Wolno\u015b\u0107 i Granice<\/strong><\/h2>\n<\/div><\/div>\n\n\n<style>.kadence-column1943_c30522-5f > .kt-inside-inner-col,.kadence-column1943_c30522-5f > .kt-inside-inner-col:before{border-top-left-radius:0px;border-top-right-radius:0px;border-bottom-right-radius:0px;border-bottom-left-radius:0px;}.kadence-column1943_c30522-5f > .kt-inside-inner-col{column-gap:var(--global-kb-gap-sm, 1rem);}.kadence-column1943_c30522-5f > .kt-inside-inner-col{flex-direction:column;}.kadence-column1943_c30522-5f > .kt-inside-inner-col > .aligncenter{width:100%;}.kadence-column1943_c30522-5f > .kt-inside-inner-col:before{opacity:0.3;}.kadence-column1943_c30522-5f{position:relative;}@media all and (max-width: 1024px){.kadence-column1943_c30522-5f > .kt-inside-inner-col{flex-direction:column;justify-content:center;}}@media all and (max-width: 767px){.kadence-column1943_c30522-5f > .kt-inside-inner-col{flex-direction:column;justify-content:center;}}<\/style>\n<div class=\"wp-block-kadence-column kadence-column1943_c30522-5f\"><div class=\"kt-inside-inner-col\"><style>.wp-block-kadence-advancedheading.kt-adv-heading1943_4e6190-9d, .wp-block-kadence-advancedheading.kt-adv-heading1943_4e6190-9d[data-kb-block=\"kb-adv-heading1943_4e6190-9d\"]{font-style:normal;}.wp-block-kadence-advancedheading.kt-adv-heading1943_4e6190-9d mark.kt-highlight, .wp-block-kadence-advancedheading.kt-adv-heading1943_4e6190-9d[data-kb-block=\"kb-adv-heading1943_4e6190-9d\"] mark.kt-highlight{font-style:normal;color:#f76a0c;-webkit-box-decoration-break:clone;box-decoration-break:clone;padding-top:0px;padding-right:0px;padding-bottom:0px;padding-left:0px;}.wp-block-kadence-advancedheading.kt-adv-heading1943_4e6190-9d img.kb-inline-image, .wp-block-kadence-advancedheading.kt-adv-heading1943_4e6190-9d[data-kb-block=\"kb-adv-heading1943_4e6190-9d\"] img.kb-inline-image{width:150px;vertical-align:baseline;}<\/style>\n<p class=\"kt-adv-heading1943_4e6190-9d wp-block-kadence-advancedheading\" data-kb-block=\"kb-adv-heading1943_4e6190-9d\">Dzia\u0142amy w duchu terapii Gestalt. Co to oznacza w praktyce? Nie narzucamy sztywnego programu z g\u00f3ry, lecz wsp\u00f3\u0142tworzymy go razem z uczestnikami.<br>Ju\u017c od pierwszego dnia stawiamy na wsp\u00f3\u0142prac\u0119 i wsp\u00f3lne ustalanie zasad funkcjonowania grupy. Ka\u017cdego dnia staramy si\u0119 wej\u015b\u0107 w autentyczny kontakt z m\u0142odymi lud\u017ami: s\u0142uchamy ich potrzeb, zadajemy pytania i prowadzimy dialog. Wsp\u00f3lnie odkrywamy, co ich anga\u017cuje \u2013 czy b\u0119d\u0105 to tw\u00f3rcze warsztaty, aktywno\u015bci w naturze, czy zaj\u0119cia artystyczne. Wierzymy, \u017ce taka wolno\u015b\u0107, po\u0142\u0105czona z jasno okre\u015blonymi granicami, daje dzieciom bezpieczn\u0105 przestrze\u0144 do samorozwoju. D\u0105\u017cymy do tego, by ka\u017cdy uczestnik m\u00f3g\u0142 rozwija\u0107 si\u0119 we w\u0142asnym tempie, w atmosferze pe\u0142nej akceptacji.<\/p>\n<\/div><\/div>\n\n<\/div><\/div>\n\n<style>.kb-row-layout-id1943_1c7e79-c2 > .kt-row-column-wrap{align-content:start;}:where(.kb-row-layout-id1943_1c7e79-c2 > .kt-row-column-wrap) > .wp-block-kadence-column{justify-content:start;}.kb-row-layout-id1943_1c7e79-c2 > .kt-row-column-wrap{column-gap:var(--global-kb-gap-md, 2rem);row-gap:var(--global-kb-gap-md, 2rem);max-width:800px;margin-left:auto;margin-right:auto;padding-top:var(--global-kb-spacing-sm, 1.5rem);padding-bottom:var(--global-kb-spacing-xxl, 5rem);grid-template-columns:minmax(0, 1fr);}.kb-row-layout-id1943_1c7e79-c2 > .kt-row-layout-overlay{opacity:0.30;}@media all and (max-width: 1024px){.kb-row-layout-id1943_1c7e79-c2 > .kt-row-column-wrap{grid-template-columns:minmax(0, 1fr);}}@media all and (max-width: 767px){.kb-row-layout-id1943_1c7e79-c2 > .kt-row-column-wrap{grid-template-columns:minmax(0, 1fr);}}<\/style><div class=\"kb-row-layout-wrap kb-row-layout-id1943_1c7e79-c2 alignnone wp-block-kadence-rowlayout\"><div class=\"kt-row-column-wrap kt-has-1-columns kt-row-layout-equal kt-tab-layout-inherit kt-mobile-layout-row kt-row-valign-top\">\n<style>.kadence-column1943_89fad0-1f > .kt-inside-inner-col,.kadence-column1943_89fad0-1f > .kt-inside-inner-col:before{border-top-left-radius:0px;border-top-right-radius:0px;border-bottom-right-radius:0px;border-bottom-left-radius:0px;}.kadence-column1943_89fad0-1f > .kt-inside-inner-col{column-gap:var(--global-kb-gap-sm, 1rem);}.kadence-column1943_89fad0-1f > .kt-inside-inner-col{flex-direction:column;}.kadence-column1943_89fad0-1f > .kt-inside-inner-col > .aligncenter{width:100%;}.kadence-column1943_89fad0-1f > .kt-inside-inner-col:before{opacity:0.3;}.kadence-column1943_89fad0-1f{position:relative;}@media all and (max-width: 1024px){.kadence-column1943_89fad0-1f > .kt-inside-inner-col{flex-direction:column;justify-content:center;}}@media all and (max-width: 767px){.kadence-column1943_89fad0-1f > .kt-inside-inner-col{flex-direction:column;justify-content:center;}}<\/style>\n<div class=\"wp-block-kadence-column kadence-column1943_89fad0-1f\"><div class=\"kt-inside-inner-col\"><style>.wp-block-kadence-advancedheading.kt-adv-heading1943_4fe48d-9e, .wp-block-kadence-advancedheading.kt-adv-heading1943_4fe48d-9e[data-kb-block=\"kb-adv-heading1943_4fe48d-9e\"]{font-style:normal;}.wp-block-kadence-advancedheading.kt-adv-heading1943_4fe48d-9e mark.kt-highlight, .wp-block-kadence-advancedheading.kt-adv-heading1943_4fe48d-9e[data-kb-block=\"kb-adv-heading1943_4fe48d-9e\"] mark.kt-highlight{font-style:normal;color:#f76a0c;-webkit-box-decoration-break:clone;box-decoration-break:clone;padding-top:0px;padding-right:0px;padding-bottom:0px;padding-left:0px;}.wp-block-kadence-advancedheading.kt-adv-heading1943_4fe48d-9e img.kb-inline-image, .wp-block-kadence-advancedheading.kt-adv-heading1943_4fe48d-9e[data-kb-block=\"kb-adv-heading1943_4fe48d-9e\"] img.kb-inline-image{width:150px;vertical-align:baseline;}<\/style>\n<h2 class=\"kt-adv-heading1943_4fe48d-9e wp-block-kadence-advancedheading\" data-kb-block=\"kb-adv-heading1943_4fe48d-9e\">Tradycja i Nowe Wyzwania<\/h2>\n\n\n<style>.wp-block-kadence-advancedheading.kt-adv-heading1943_677ed0-b4, .wp-block-kadence-advancedheading.kt-adv-heading1943_677ed0-b4[data-kb-block=\"kb-adv-heading1943_677ed0-b4\"]{font-style:normal;}.wp-block-kadence-advancedheading.kt-adv-heading1943_677ed0-b4 mark.kt-highlight, .wp-block-kadence-advancedheading.kt-adv-heading1943_677ed0-b4[data-kb-block=\"kb-adv-heading1943_677ed0-b4\"] mark.kt-highlight{font-style:normal;color:#f76a0c;-webkit-box-decoration-break:clone;box-decoration-break:clone;padding-top:0px;padding-right:0px;padding-bottom:0px;padding-left:0px;}.wp-block-kadence-advancedheading.kt-adv-heading1943_677ed0-b4 img.kb-inline-image, .wp-block-kadence-advancedheading.kt-adv-heading1943_677ed0-b4[data-kb-block=\"kb-adv-heading1943_677ed0-b4\"] img.kb-inline-image{width:150px;vertical-align:baseline;}<\/style>\n<p class=\"kt-adv-heading1943_677ed0-b4 wp-block-kadence-advancedheading\" data-kb-block=\"kb-adv-heading1943_677ed0-b4\">Chocia\u017c Adam zmar\u0142 w 2019 roku, jego warto\u015bci i podej\u015bcie s\u0105 nadal sercem naszej dzia\u0142alno\u015bci. Dzi\u015b prowadzimy firm\u0119 rodzinn\u0105, kontynuuj\u0105c to wsp\u00f3lne dzie\u0142o.<br>Za organizacj\u0119 i koordynacj\u0119 wyjazd\u00f3w odpowiada Tomasz Sacha, wnosz\u0105c swoje do\u015bwiadczenie w zarz\u0105dzaniu kryzysowym i edukacji outdoorowej. Justyna (c\u00f3rka Olgi i Adama) dba o rozw\u00f3j nowych projekt\u00f3w, a Olga niezmiennie patronuje naszym dzia\u0142aniom, wspieraj\u0105c nas swoj\u0105 wiedz\u0105 i wieloletnim do\u015bwiadczeniem.<br>Jeste\u015bmy dumni, \u017ce mo\u017cemy kontynuowa\u0107 t\u0119 tradycj\u0119, jednocze\u015bnie wprowadzaj\u0105c nowoczesne innowacje i dbaj\u0105c o najwy\u017csze standardy. Razem tworzymy \u015brodowisko, w kt\u00f3rym dzieci i m\u0142odzie\u017c mog\u0105 prze\u017cywa\u0107 niezapomniane przygody, nawi\u0105zywa\u0107 g\u0142\u0119bokie relacje i \u2013 co najwa\u017cniejsze \u2013 stawa\u0107 si\u0119 najlepszymi wersjami samych siebie.<\/p>\n<\/div><\/div>\n\n<\/div><\/div>\n\n\n<p><\/p>\n","protected":false},"excerpt":{"rendered":"<p>HISTORIA Nasze obozy to wyj\u0105tkowe przestrzenie, czerpi\u0105ce z bogatego dziedzictwa Olgi i Adama Haller\u00f3w \u2013 tw\u00f3rc\u00f3w unikalnego programu psychoedukacyjnego, kt\u00f3ry od lat 90. kszta\u0142tuje pokolenia m\u0142odych ludzi. Byli oni pionierami&#8230;<\/p>\n","protected":false},"author":1,"featured_media":0,"parent":0,"menu_order":0,"comment_status":"closed","ping_status":"closed","template":"","meta":{"_EventAllDay":false,"_EventTimezone":"","_EventStartDate":"","_EventEndDate":"","_EventStartDateUTC":"","_EventEndDateUTC":"","_EventShowMap":false,"_EventShowMapLink":false,"_EventURL":"","_EventCost":"","_EventCostDescription":"","_EventCurrencySymbol":"","_EventCurrencyCode":"","_EventCurrencyPosition":"","_EventDateTimeSeparator":"","_EventTimeRangeSeparator":"","_EventOrganizerID":[],"_EventVenueID":[],"_OrganizerEmail":"","_OrganizerPhone":"","_OrganizerWebsite":"","_VenueAddress":"","_VenueCity":"","_VenueCountry":"","_VenueProvince":"","_VenueState":"","_VenueZip":"","_VenuePhone":"","_VenueURL":"","_VenueStateProvince":"","_VenueLat":"","_VenueLng":"","_VenueShowMap":false,"_VenueShowMapLink":false,"_kadence_starter_templates_imported_post":false,"_kad_post_transparent":"","_kad_post_title":"","_kad_post_layout":"","_kad_post_sidebar_id":"","_kad_post_content_style":"","_kad_post_vertical_padding":"","_kad_post_feature":"","_kad_post_feature_position":"","_kad_post_header":false,"_kad_post_footer":false,"_kad_post_classname":"","footnotes":""},"class_list":["post-1943","page","type-page","status-publish","hentry"],"_links":{"self":[{"href":"https:\/\/obozygestalt.pl\/index.php?rest_route=\/wp\/v2\/pages\/1943","targetHints":{"allow":["GET"]}}],"collection":[{"href":"https:\/\/obozygestalt.pl\/index.php?rest_route=\/wp\/v2\/pages"}],"about":[{"href":"https:\/\/obozygestalt.pl\/index.php?rest_route=\/wp\/v2\/types\/page"}],"author":[{"embeddable":true,"href":"https:\/\/obozygestalt.pl\/index.php?rest_route=\/wp\/v2\/users\/1"}],"replies":[{"embeddable":true,"href":"https:\/\/obozygestalt.pl\/index.php?rest_route=%2Fwp%2Fv2%2Fcomments&post=1943"}],"version-history":[{"count":9,"href":"https:\/\/obozygestalt.pl\/index.php?rest_route=\/wp\/v2\/pages\/1943\/revisions"}],"predecessor-version":[{"id":2024,"href":"https:\/\/obozygestalt.pl\/index.php?rest_route=\/wp\/v2\/pages\/1943\/revisions\/2024"}],"wp:attachment":[{"href":"https:\/\/obozygestalt.pl\/index.php?rest_route=%2Fwp%2Fv2%2Fmedia&parent=1943"}],"curies":[{"name":"wp","href":"https:\/\/api.w.org\/{rel}","templated":true}]}}