{"id":1984,"date":"2026-02-25T09:30:23","date_gmt":"2026-02-25T09:30:23","guid":{"rendered":"https:\/\/obozygestalt.pl\/?page_id=1984"},"modified":"2026-02-26T19:35:51","modified_gmt":"2026-02-26T19:35:51","slug":"zima-2026","status":"publish","type":"page","link":"https:\/\/obozygestalt.pl\/?page_id=1984","title":{"rendered":"zima 2026"},"content":{"rendered":"<style>.kb-row-layout-id1984_3d9e80-00 > .kt-row-column-wrap{align-content:start;}:where(.kb-row-layout-id1984_3d9e80-00 > .kt-row-column-wrap) > .wp-block-kadence-column{justify-content:start;}.kb-row-layout-id1984_3d9e80-00 > .kt-row-column-wrap{column-gap:var(--global-kb-gap-md, 2rem);row-gap:var(--global-kb-gap-md, 2rem);padding-bottom:var(--global-kb-spacing-sm, 1.5rem);grid-template-columns:minmax(0, 1fr);}.kb-row-layout-id1984_3d9e80-00 > .kt-row-layout-overlay{opacity:0.30;}@media all and (max-width: 1024px){.kb-row-layout-id1984_3d9e80-00 > .kt-row-column-wrap{grid-template-columns:minmax(0, 1fr);}}@media all and (max-width: 767px){.kb-row-layout-id1984_3d9e80-00 > .kt-row-column-wrap{grid-template-columns:minmax(0, 1fr);}}<\/style><div class=\"kb-row-layout-wrap kb-row-layout-id1984_3d9e80-00 alignnone wp-block-kadence-rowlayout\"><div class=\"kt-row-column-wrap kt-has-1-columns kt-row-layout-equal kt-tab-layout-inherit kt-mobile-layout-row kt-row-valign-top\">\n<style>.kadence-column1984_bb2531-0e > .kt-inside-inner-col,.kadence-column1984_bb2531-0e > .kt-inside-inner-col:before{border-top-left-radius:0px;border-top-right-radius:0px;border-bottom-right-radius:0px;border-bottom-left-radius:0px;}.kadence-column1984_bb2531-0e > .kt-inside-inner-col{column-gap:var(--global-kb-gap-sm, 1rem);}.kadence-column1984_bb2531-0e > .kt-inside-inner-col{flex-direction:column;}.kadence-column1984_bb2531-0e > .kt-inside-inner-col > .aligncenter{width:100%;}.kadence-column1984_bb2531-0e > .kt-inside-inner-col{background-color:rgba(68, 68, 68, 0.4);}.kadence-column1984_bb2531-0e > .kt-inside-inner-col:before{opacity:0.3;}.kadence-column1984_bb2531-0e{position:relative;}@media all and (max-width: 1024px){.kadence-column1984_bb2531-0e > .kt-inside-inner-col{flex-direction:column;justify-content:center;}}@media all and (max-width: 767px){.kadence-column1984_bb2531-0e > .kt-inside-inner-col{flex-direction:column;justify-content:center;}}<\/style>\n<div class=\"wp-block-kadence-column kadence-column1984_bb2531-0e\"><div class=\"kt-inside-inner-col\"><style>.wp-block-kadence-advancedheading.kt-adv-heading1984_fca4ee-66, .wp-block-kadence-advancedheading.kt-adv-heading1984_fca4ee-66[data-kb-block=\"kb-adv-heading1984_fca4ee-66\"]{padding-top:var(--global-kb-spacing-5xl, 10rem);padding-bottom:var(--global-kb-spacing-lg, 3rem);margin-left:var(--global-kb-spacing-sm, 1.5rem);font-style:normal;}.wp-block-kadence-advancedheading.kt-adv-heading1984_fca4ee-66 mark.kt-highlight, .wp-block-kadence-advancedheading.kt-adv-heading1984_fca4ee-66[data-kb-block=\"kb-adv-heading1984_fca4ee-66\"] mark.kt-highlight{font-style:normal;color:#f76a0c;-webkit-box-decoration-break:clone;box-decoration-break:clone;padding-top:0px;padding-right:0px;padding-bottom:0px;padding-left:0px;}.wp-block-kadence-advancedheading.kt-adv-heading1984_fca4ee-66 img.kb-inline-image, .wp-block-kadence-advancedheading.kt-adv-heading1984_fca4ee-66[data-kb-block=\"kb-adv-heading1984_fca4ee-66\"] img.kb-inline-image{width:150px;vertical-align:baseline;}<\/style>\n<h1 class=\"kt-adv-heading1984_fca4ee-66 wp-block-kadence-advancedheading\" data-kb-block=\"kb-adv-heading1984_fca4ee-66\">Wa\u017cna informacja dotycz\u0105ca Zimowiska 2026<\/h1>\n<\/div><\/div>\n\n<\/div><\/div>\n\n<style>.kb-row-layout-id1984_4bd675-d2 > .kt-row-column-wrap{align-content:start;}:where(.kb-row-layout-id1984_4bd675-d2 > .kt-row-column-wrap) > .wp-block-kadence-column{justify-content:start;}.kb-row-layout-id1984_4bd675-d2 > .kt-row-column-wrap{column-gap:var(--global-kb-gap-md, 2rem);row-gap:var(--global-kb-gap-md, 2rem);padding-top:var(--global-kb-spacing-sm, 1.5rem);grid-template-columns:minmax(0, 1fr);}.kb-row-layout-id1984_4bd675-d2 > .kt-row-layout-overlay{opacity:0.30;}@media all and (max-width: 1024px){.kb-row-layout-id1984_4bd675-d2 > .kt-row-column-wrap{grid-template-columns:minmax(0, 1fr);}}@media all and (max-width: 767px){.kb-row-layout-id1984_4bd675-d2 > .kt-row-column-wrap{grid-template-columns:minmax(0, 1fr);}}<\/style><div class=\"kb-row-layout-wrap kb-row-layout-id1984_4bd675-d2 alignnone wp-block-kadence-rowlayout\"><div class=\"kt-row-column-wrap kt-has-1-columns kt-row-layout-equal kt-tab-layout-inherit kt-mobile-layout-row kt-row-valign-top\">\n<style>.kadence-column1984_1c2d8e-bc > .kt-inside-inner-col{padding-right:var(--global-kb-spacing-lg, 3rem);}.kadence-column1984_1c2d8e-bc > .kt-inside-inner-col,.kadence-column1984_1c2d8e-bc > .kt-inside-inner-col:before{border-top-left-radius:0px;border-top-right-radius:0px;border-bottom-right-radius:0px;border-bottom-left-radius:0px;}.kadence-column1984_1c2d8e-bc > .kt-inside-inner-col{column-gap:var(--global-kb-gap-sm, 1rem);}.kadence-column1984_1c2d8e-bc > .kt-inside-inner-col{flex-direction:column;}.kadence-column1984_1c2d8e-bc > .kt-inside-inner-col > .aligncenter{width:100%;}.kadence-column1984_1c2d8e-bc > .kt-inside-inner-col:before{opacity:0.3;}.kadence-column1984_1c2d8e-bc{position:relative;}.kadence-column1984_1c2d8e-bc, .kt-inside-inner-col > .kadence-column1984_1c2d8e-bc:not(.specificity){margin-bottom:var(--global-kb-spacing-xxl, 5rem);margin-left:var(--global-kb-spacing-md, 2rem);}@media all and (max-width: 1024px){.kadence-column1984_1c2d8e-bc > .kt-inside-inner-col{flex-direction:column;justify-content:center;}}@media all and (max-width: 767px){.kadence-column1984_1c2d8e-bc > .kt-inside-inner-col{flex-direction:column;justify-content:center;}}<\/style>\n<div class=\"wp-block-kadence-column kadence-column1984_1c2d8e-bc\"><div class=\"kt-inside-inner-col\"><style>.wp-block-kadence-advancedheading.kt-adv-heading1984_c13a01-6d, .wp-block-kadence-advancedheading.kt-adv-heading1984_c13a01-6d[data-kb-block=\"kb-adv-heading1984_c13a01-6d\"]{max-width:800px;margin-left:0px;font-style:normal;}.wp-block-kadence-advancedheading.kt-adv-heading1984_c13a01-6d mark.kt-highlight, .wp-block-kadence-advancedheading.kt-adv-heading1984_c13a01-6d[data-kb-block=\"kb-adv-heading1984_c13a01-6d\"] mark.kt-highlight{font-style:normal;color:#f76a0c;-webkit-box-decoration-break:clone;box-decoration-break:clone;padding-top:0px;padding-right:0px;padding-bottom:0px;padding-left:0px;}.wp-block-kadence-advancedheading.kt-adv-heading1984_c13a01-6d img.kb-inline-image, .wp-block-kadence-advancedheading.kt-adv-heading1984_c13a01-6d[data-kb-block=\"kb-adv-heading1984_c13a01-6d\"] img.kb-inline-image{width:150px;vertical-align:baseline;}<\/style>\n<p class=\"kt-adv-heading1984_c13a01-6d wp-block-kadence-advancedheading\" data-kb-block=\"kb-adv-heading1984_c13a01-6d\">Chcia\u0142bym podzieli\u0107 si\u0119 z Wami wa\u017cn\u0105 informacj\u0105 &#8211; w tym roku zimowisko 2026 niestety si\u0119 nie odb\u0119dzie.<\/p>\n\n\n\n<p><br>Podj\u0119cie takiej decyzji nie by\u0142o dla mnie \u0142atwe, bo nasze wsp\u00f3lne zimowe wyjazdy s\u0105 dla mnie zawsze czasem spotkania, relacji, rado\u015bci i prawdziwego kontaktu z Wami &#8211; z dzie\u0107mi, m\u0142odzie\u017c\u0105 i rodzicami. Nasze Zimowiska s\u0105 dla mnie czym\u015b wi\u0119cej ni\u017c tylko wyjazdem &#8211; to przestrze\u0144, w kt\u00f3rej mo\u017cemy by\u0107 razem, w autentyczno\u015bci i w uwa\u017cno\u015bci na siebie nawzajem.<br>Tym bardziej chc\u0119 opowiedzie\u0107 Wam, dlaczego w tym roku musz\u0119 zrobi\u0107 przerw\u0119.<\/p>\n\n\n\n<p><br>Ten czas jest dla mnie okresem intensywnego rozwoju osobistego i zawodowego. W tym roku jestem zaanga\u017cowany w kilka wa\u017cnych dla mnie aktywno\u015bci. Studiuj\u0119 psychologi\u0119, ucz\u0119 si\u0119 w naszej 3-letniej Szkole Counsellingu Gestalt, a tak\u017ce w Szkole Praktyk\u00f3w Gestalt w Organizacjach (GPO) &#8211; gdzie rozwijam si\u0119 w kierunku Gestalt Coachingu. W ramach tego szkolenia od pa\u017adziernika 2025 jestem zobowi\u0105zany do prowadzenia indywidualnych sesji coachingowych<\/p>\n\n\n\n<p><br>W tym roku jestem r\u00f3wnie\u017c jednym z g\u0142\u00f3wnych trener\u00f3w prowadz\u0105cych roczny Kurs Umiej\u0119tno\u015bci Interpersonalnych i Podstaw Pomagania w naszym Centrum. Poza tym uczestnicz\u0119 w superwizjach grupowych i indywidualnych, a tak\u017ce kontynuuj\u0119 w\u0142asn\u0105 psychoterapi\u0119. Opr\u00f3cz tego dzia\u0142am jako wolontariusz w zaprzyja\u017anionych fundacjach i organizacjach.<br>To du\u017co zobowi\u0105za\u0144, kt\u00f3re teraz wymagaj\u0105 ode mnie czasu, energii i obecno\u015bci. Robi\u0119 to r\u00f3wnie\u017c po to, \u017cebym m\u00f3g\u0142 wnosi\u0107 w nasze wsp\u00f3lne obozy jeszcze wi\u0119cej jako\u015bci, dojrza\u0142o\u015bci i autentyczno\u015bci.<br>Zimowisko w tym roku wi\u0119c odk\u0142adamy w czasie &#8211; to nie po\u017cegnanie.<\/p>\n\n\n<style>.wp-block-kadence-advancedheading.kt-adv-heading1984_d618d2-cd, .wp-block-kadence-advancedheading.kt-adv-heading1984_d618d2-cd[data-kb-block=\"kb-adv-heading1984_d618d2-cd\"]{margin-top:var(--global-kb-spacing-xl, 4rem);font-style:normal;}.wp-block-kadence-advancedheading.kt-adv-heading1984_d618d2-cd mark.kt-highlight, .wp-block-kadence-advancedheading.kt-adv-heading1984_d618d2-cd[data-kb-block=\"kb-adv-heading1984_d618d2-cd\"] mark.kt-highlight{font-style:normal;color:#f76a0c;-webkit-box-decoration-break:clone;box-decoration-break:clone;padding-top:0px;padding-right:0px;padding-bottom:0px;padding-left:0px;}.wp-block-kadence-advancedheading.kt-adv-heading1984_d618d2-cd img.kb-inline-image, .wp-block-kadence-advancedheading.kt-adv-heading1984_d618d2-cd[data-kb-block=\"kb-adv-heading1984_d618d2-cd\"] img.kb-inline-image{width:150px;vertical-align:baseline;}<\/style>\n<p class=\"kt-adv-heading1984_d618d2-cd wp-block-kadence-advancedheading\" data-kb-block=\"kb-adv-heading1984_d618d2-cd\">Dzi\u0119kuj\u0119 Wam za zrozumienie, za Wasze zaufanie i obecno\u015b\u0107 przez te wszystkie lata. Do zobaczenia na letnim obozie i &#8211; mam nadziej\u0119 &#8211; na kolejnych zimowiskach w przysz\u0142o\u015bci.<br>Z serdeczno\u015bci\u0105, Tomek Sacha<\/p>\n\n\n<style>.wp-block-kadence-column.kb-section-dir-horizontal > .kt-inside-inner-col > .kt-info-box1984_97a0e8-8b .kt-blocks-info-box-link-wrap{max-width:unset;}.kt-info-box1984_97a0e8-8b .kt-blocks-info-box-link-wrap{padding-top:var(--global-kb-spacing-xs, 1rem);padding-right:var(--global-kb-spacing-xs, 1rem);padding-bottom:var(--global-kb-spacing-xs, 1rem);padding-left:var(--global-kb-spacing-xs, 1rem);margin-top:var(--global-kb-spacing-3xl, 6.5rem);margin-bottom:0px;}.kt-info-box1984_97a0e8-8b .kadence-info-box-icon-container .kt-info-svg-icon, .kt-info-box1984_97a0e8-8b .kt-info-svg-icon-flip, .kt-info-box1984_97a0e8-8b .kt-blocks-info-box-number{font-size:50px;}.kt-info-box1984_97a0e8-8b .kt-blocks-info-box-media{border-top-width:0px;border-right-width:0px;border-bottom-width:0px;border-left-width:0px;padding-top:10px;padding-right:10px;padding-bottom:10px;padding-left:10px;}.kt-info-box1984_97a0e8-8b .kt-blocks-info-box-media-container{margin-top:0px;margin-right:15px;margin-bottom:0px;margin-left:15px;}.kt-info-box1984_97a0e8-8b .kt-blocks-info-box-learnmore{background:transparent;border-width:0px 0px 0px 0px;padding-top:4px;padding-right:8px;padding-bottom:4px;padding-left:8px;margin-top:10px;margin-right:0px;margin-bottom:10px;margin-left:0px;}<\/style>\n<div class=\"wp-block-kadence-infobox kt-info-box1984_97a0e8-8b\"><span class=\"kt-blocks-info-box-link-wrap info-box-link kt-blocks-info-box-media-align-top kt-info-halign-center\"><div class=\"kt-blocks-info-box-media-container\"><div class=\"kt-blocks-info-box-media kt-info-media-animate-none\"><div class=\"kadence-info-box-icon-container kt-info-icon-animate-none\"><div class=\"kadence-info-box-icon-inner-container\"><span class=\"kb-svg-icon-wrap kb-svg-icon-fe_aperture kt-info-svg-icon\"><svg viewBox=\"0 0 24 24\"  fill=\"none\" stroke=\"currentColor\" stroke-width=\"2\" stroke-linecap=\"round\" stroke-linejoin=\"round\" xmlns=\"http:\/\/www.w3.org\/2000\/svg\"  aria-hidden=\"true\"><circle cx=\"12\" cy=\"12\" r=\"10\"\/><line x1=\"14.31\" y1=\"8\" x2=\"20.05\" y2=\"17.94\"\/><line x1=\"9.69\" y1=\"8\" x2=\"21.17\" y2=\"8\"\/><line x1=\"7.38\" y1=\"12\" x2=\"13.12\" y2=\"2.06\"\/><line x1=\"9.69\" y1=\"16\" x2=\"3.95\" y2=\"6.06\"\/><line x1=\"14.31\" y1=\"16\" x2=\"2.83\" y2=\"16\"\/><line x1=\"16.62\" y1=\"12\" x2=\"10.88\" y2=\"21.94\"\/><\/svg><\/span><\/div><\/div><\/div><\/div><div class=\"kt-infobox-textcontent\"><h2 class=\"kt-blocks-info-box-title\">Obozy letnie na pewno si\u0119 odb\u0119d\u0105!<\/h2><p class=\"kt-blocks-info-box-text\">Ju\u017c dzi\u015b ciesz\u0119 si\u0119 na spotkanie z Wami w letnim s\u0142o\u0144cu czy deszczu, w przestrzeni zabawy, blisko\u015bci i przygody.<br>Chc\u0119 te\u017c powiedzie\u0107 jasno \u2014 nie znikam. Jestem. Mo\u017cna do mnie zadzwoni\u0107, napisa\u0107 maila, zapyta\u0107, porozmawia\u0107. Czasem potrzebujemy si\u0119 tylko na chwil\u0119 zatrzyma\u0107, \u017ceby potem wr\u00f3ci\u0107 jeszcze bardziej obecnym.<\/p><\/div><\/span><\/div>\n<\/div><\/div>\n\n<\/div><\/div>","protected":false},"excerpt":{"rendered":"<p>Wa\u017cna informacja dotycz\u0105ca Zimowiska 2026 Chcia\u0142bym podzieli\u0107 si\u0119 z Wami wa\u017cn\u0105 informacj\u0105 &#8211; w tym roku zimowisko 2026 niestety si\u0119 nie odb\u0119dzie. Podj\u0119cie takiej decyzji nie by\u0142o dla mnie \u0142atwe,&#8230;<\/p>\n","protected":false},"author":1,"featured_media":0,"parent":0,"menu_order":0,"comment_status":"closed","ping_status":"closed","template":"","meta":{"_EventAllDay":false,"_EventTimezone":"","_EventStartDate":"","_EventEndDate":"","_EventStartDateUTC":"","_EventEndDateUTC":"","_EventShowMap":false,"_EventShowMapLink":false,"_EventURL":"","_EventCost":"","_EventCostDescription":"","_EventCurrencySymbol":"","_EventCurrencyCode":"","_EventCurrencyPosition":"","_EventDateTimeSeparator":"","_EventTimeRangeSeparator":"","_EventOrganizerID":[],"_EventVenueID":[],"_OrganizerEmail":"","_OrganizerPhone":"","_OrganizerWebsite":"","_VenueAddress":"","_VenueCity":"","_VenueCountry":"","_VenueProvince":"","_VenueState":"","_VenueZip":"","_VenuePhone":"","_VenueURL":"","_VenueStateProvince":"","_VenueLat":"","_VenueLng":"","_VenueShowMap":false,"_VenueShowMapLink":false,"_kadence_starter_templates_imported_post":false,"_kad_post_transparent":"","_kad_post_title":"","_kad_post_layout":"","_kad_post_sidebar_id":"","_kad_post_content_style":"","_kad_post_vertical_padding":"","_kad_post_feature":"","_kad_post_feature_position":"","_kad_post_header":false,"_kad_post_footer":false,"_kad_post_classname":"","footnotes":""},"class_list":["post-1984","page","type-page","status-publish","hentry"],"_links":{"self":[{"href":"https:\/\/obozygestalt.pl\/index.php?rest_route=\/wp\/v2\/pages\/1984","targetHints":{"allow":["GET"]}}],"collection":[{"href":"https:\/\/obozygestalt.pl\/index.php?rest_route=\/wp\/v2\/pages"}],"about":[{"href":"https:\/\/obozygestalt.pl\/index.php?rest_route=\/wp\/v2\/types\/page"}],"author":[{"embeddable":true,"href":"https:\/\/obozygestalt.pl\/index.php?rest_route=\/wp\/v2\/users\/1"}],"replies":[{"embeddable":true,"href":"https:\/\/obozygestalt.pl\/index.php?rest_route=%2Fwp%2Fv2%2Fcomments&post=1984"}],"version-history":[{"count":20,"href":"https:\/\/obozygestalt.pl\/index.php?rest_route=\/wp\/v2\/pages\/1984\/revisions"}],"predecessor-version":[{"id":2034,"href":"https:\/\/obozygestalt.pl\/index.php?rest_route=\/wp\/v2\/pages\/1984\/revisions\/2034"}],"wp:attachment":[{"href":"https:\/\/obozygestalt.pl\/index.php?rest_route=%2Fwp%2Fv2%2Fmedia&parent=1984"}],"curies":[{"name":"wp","href":"https:\/\/api.w.org\/{rel}","templated":true}]}}