{"id":696,"date":"2022-06-13T16:02:09","date_gmt":"2022-06-13T16:02:09","guid":{"rendered":"https:\/\/startertemplatecloud.com\/g56\/?page_id=696"},"modified":"2026-02-25T10:03:28","modified_gmt":"2026-02-25T10:03:28","slug":"contact","status":"publish","type":"page","link":"https:\/\/obozygestalt.pl\/?page_id=696","title":{"rendered":"Kontakt"},"content":{"rendered":"\n\n\n\n<style>.kb-row-layout-wrap.wp-block-kadence-rowlayout.kb-row-layout-id696_56ab52-79{margin-top:0px;margin-bottom:0px;}.kb-row-layout-id696_56ab52-79 > .kt-row-column-wrap{align-content:start;}:where(.kb-row-layout-id696_56ab52-79 > .kt-row-column-wrap) > .wp-block-kadence-column{justify-content:start;}.kb-row-layout-id696_56ab52-79 > .kt-row-column-wrap{column-gap:var(--global-kb-gap-md, 2rem);row-gap:var(--global-kb-gap-md, 2rem);max-width:var( --global-content-width, 1290px );padding-left:var(--global-content-edge-padding);padding-right:var(--global-content-edge-padding);padding-top:200px;padding-bottom:100px;grid-template-columns:minmax(0, 1fr);}.kb-row-layout-id696_56ab52-79{background-image:url('https:\/\/obozygestalt.pl\/wp-content\/uploads\/2026\/02\/IMG-20250813-WA0051.jpg');background-size:cover;background-position:91% 3%;background-attachment:fixed;background-repeat:no-repeat;}.kb-row-layout-id696_56ab52-79 > .kt-row-layout-overlay{opacity:0.70;background:linear-gradient(230deg, rgba(66, 86, 68, 0.46) 0%, #425644 100%);}@media all and (max-width: 1024px), only screen and (min-device-width: 1024px) and (max-device-width: 1366px) and (-webkit-min-device-pixel-ratio: 2) and (hover: none){.kb-row-layout-id696_56ab52-79{background-attachment:scroll;}}@media all and (max-width: 1024px){.kb-row-layout-id696_56ab52-79 > .kt-row-column-wrap{grid-template-columns:minmax(0, 1fr);}}@media all and (max-width: 767px){.kb-row-layout-id696_56ab52-79 > .kt-row-column-wrap{padding-top:40px;padding-right:0px;padding-bottom:40px;padding-left:0px;grid-template-columns:minmax(0, 1fr);}}<\/style><div class=\"kb-row-layout-wrap kb-row-layout-id696_56ab52-79 alignnone has-theme-palette7-background-color kt-row-has-bg wp-block-kadence-rowlayout\"><div class=\"kt-row-layout-overlay kt-row-overlay-gradient\"><\/div><div class=\"kt-row-column-wrap kt-has-1-columns kt-row-layout-equal kt-tab-layout-inherit kt-mobile-layout-row kt-row-valign-top kb-theme-content-width\">\n<style>.kadence-column696_27536d-5d > .kt-inside-inner-col,.kadence-column696_27536d-5d > .kt-inside-inner-col:before{border-top-left-radius:0px;border-top-right-radius:0px;border-bottom-right-radius:0px;border-bottom-left-radius:0px;}.kadence-column696_27536d-5d > .kt-inside-inner-col{column-gap:var(--global-kb-gap-sm, 1rem);}.kadence-column696_27536d-5d > .kt-inside-inner-col{flex-direction:column;}.kadence-column696_27536d-5d > .kt-inside-inner-col > .aligncenter{width:100%;}.kadence-column696_27536d-5d > .kt-inside-inner-col:before{opacity:0.3;}.kadence-column696_27536d-5d{position:relative;}@media all and (max-width: 1024px){.kadence-column696_27536d-5d > .kt-inside-inner-col{flex-direction:column;justify-content:center;}}@media all and (max-width: 767px){.kadence-column696_27536d-5d > .kt-inside-inner-col{padding-right:20px;padding-left:20px;flex-direction:column;justify-content:center;}}<\/style>\n<div class=\"wp-block-kadence-column kadence-column696_27536d-5d inner-column-1\"><div class=\"kt-inside-inner-col\"><style>.kb-row-layout-id696_8b060b-80 > .kt-row-column-wrap{align-content:start;}:where(.kb-row-layout-id696_8b060b-80 > .kt-row-column-wrap) > .wp-block-kadence-column{justify-content:start;}.kb-row-layout-id696_8b060b-80 > .kt-row-column-wrap{column-gap:var(--global-kb-gap-md, 2rem);row-gap:var(--global-kb-gap-md, 2rem);max-width:534px;margin-left:auto;margin-right:auto;padding-top:var(--global-kb-spacing-sm, 1.5rem);padding-bottom:var(--global-kb-spacing-sm, 1.5rem);grid-template-columns:minmax(0, 1fr);}.kb-row-layout-id696_8b060b-80 > .kt-row-layout-overlay{opacity:0.30;}@media all and (max-width: 1024px){.kb-row-layout-id696_8b060b-80 > .kt-row-column-wrap{grid-template-columns:minmax(0, 1fr);}}@media all and (max-width: 767px){.kb-row-layout-id696_8b060b-80 > .kt-row-column-wrap{grid-template-columns:minmax(0, 1fr);}}<\/style><div class=\"kb-row-layout-wrap kb-row-layout-id696_8b060b-80 alignnone wp-block-kadence-rowlayout\"><div class=\"kt-row-column-wrap kt-has-1-columns kt-row-layout-equal kt-tab-layout-inherit kt-mobile-layout-row kt-row-valign-top\">\n<style>.kadence-column696_32abf7-50 > .kt-inside-inner-col,.kadence-column696_32abf7-50 > .kt-inside-inner-col:before{border-top-left-radius:0px;border-top-right-radius:0px;border-bottom-right-radius:0px;border-bottom-left-radius:0px;}.kadence-column696_32abf7-50 > .kt-inside-inner-col{column-gap:var(--global-kb-gap-sm, 1rem);}.kadence-column696_32abf7-50 > .kt-inside-inner-col{flex-direction:column;}.kadence-column696_32abf7-50 > .kt-inside-inner-col > .aligncenter{width:100%;}.kadence-column696_32abf7-50 > .kt-inside-inner-col:before{opacity:0.3;}.kadence-column696_32abf7-50{position:relative;}@media all and (max-width: 1024px){.kadence-column696_32abf7-50 > .kt-inside-inner-col{flex-direction:column;justify-content:center;}}@media all and (max-width: 767px){.kadence-column696_32abf7-50 > .kt-inside-inner-col{flex-direction:column;justify-content:center;}}<\/style>\n<div class=\"wp-block-kadence-column kadence-column696_32abf7-50 inner-column-1\"><div class=\"kt-inside-inner-col\"><style>.wp-block-kadence-advancedheading.kt-adv-heading696_7321fc-8e, .wp-block-kadence-advancedheading.kt-adv-heading696_7321fc-8e[data-kb-block=\"kb-adv-heading696_7321fc-8e\"]{margin-top:-30px;margin-bottom:-50px;text-align:center;font-size:80px;font-style:normal;color:rgba(238,242,238,0.89);}.wp-block-kadence-advancedheading.kt-adv-heading696_7321fc-8e mark.kt-highlight, .wp-block-kadence-advancedheading.kt-adv-heading696_7321fc-8e[data-kb-block=\"kb-adv-heading696_7321fc-8e\"] mark.kt-highlight{font-style:normal;color:#f76a0c;-webkit-box-decoration-break:clone;box-decoration-break:clone;padding-top:0px;padding-right:0px;padding-bottom:0px;padding-left:0px;}.wp-block-kadence-advancedheading.kt-adv-heading696_7321fc-8e img.kb-inline-image, .wp-block-kadence-advancedheading.kt-adv-heading696_7321fc-8e[data-kb-block=\"kb-adv-heading696_7321fc-8e\"] img.kb-inline-image{width:150px;vertical-align:baseline;}@media all and (max-width: 767px){.wp-block-kadence-advancedheading.kt-adv-heading696_7321fc-8e, .wp-block-kadence-advancedheading.kt-adv-heading696_7321fc-8e[data-kb-block=\"kb-adv-heading696_7321fc-8e\"]{margin-top:0px;margin-right:0px;margin-bottom:0px;margin-left:0px;font-size:50px;}}<\/style>\n<h1 class=\"kt-adv-heading696_7321fc-8e wp-block-kadence-advancedheading\" data-kb-block=\"kb-adv-heading696_7321fc-8e\">KONTAKT<\/h1>\n\n\n<style>.wp-block-kadence-advancedheading.kt-adv-heading696_89363d-e7, .wp-block-kadence-advancedheading.kt-adv-heading696_89363d-e7[data-kb-block=\"kb-adv-heading696_89363d-e7\"]{text-align:center;line-height:30px;font-style:normal;}.wp-block-kadence-advancedheading.kt-adv-heading696_89363d-e7 mark.kt-highlight, .wp-block-kadence-advancedheading.kt-adv-heading696_89363d-e7[data-kb-block=\"kb-adv-heading696_89363d-e7\"] mark.kt-highlight{font-style:normal;color:#f76a0c;-webkit-box-decoration-break:clone;box-decoration-break:clone;padding-top:0px;padding-right:0px;padding-bottom:0px;padding-left:0px;}.wp-block-kadence-advancedheading.kt-adv-heading696_89363d-e7 img.kb-inline-image, .wp-block-kadence-advancedheading.kt-adv-heading696_89363d-e7[data-kb-block=\"kb-adv-heading696_89363d-e7\"] img.kb-inline-image{width:150px;vertical-align:baseline;}@media all and (max-width: 767px){.wp-block-kadence-advancedheading.kt-adv-heading696_89363d-e7, .wp-block-kadence-advancedheading.kt-adv-heading696_89363d-e7[data-kb-block=\"kb-adv-heading696_89363d-e7\"]{font-size:36px;}}<\/style>\n<h2 class=\"kt-adv-heading696_89363d-e7 wp-block-kadence-advancedheading has-theme-palette-9-color has-text-color\" data-kb-block=\"kb-adv-heading696_89363d-e7\"><\/h2>\n\n\n<style>.wp-block-kadence-advancedheading.kt-adv-heading696_a92848-50, .wp-block-kadence-advancedheading.kt-adv-heading696_a92848-50[data-kb-block=\"kb-adv-heading696_a92848-50\"]{text-align:center;font-style:normal;}.wp-block-kadence-advancedheading.kt-adv-heading696_a92848-50 mark.kt-highlight, .wp-block-kadence-advancedheading.kt-adv-heading696_a92848-50[data-kb-block=\"kb-adv-heading696_a92848-50\"] mark.kt-highlight{font-style:normal;color:#f76a0c;-webkit-box-decoration-break:clone;box-decoration-break:clone;padding-top:0px;padding-right:0px;padding-bottom:0px;padding-left:0px;}.wp-block-kadence-advancedheading.kt-adv-heading696_a92848-50 img.kb-inline-image, .wp-block-kadence-advancedheading.kt-adv-heading696_a92848-50[data-kb-block=\"kb-adv-heading696_a92848-50\"] img.kb-inline-image{width:150px;vertical-align:baseline;}<\/style>\n<p class=\"kt-adv-heading696_a92848-50 wp-block-kadence-advancedheading has-theme-palette-9-color has-text-color\" data-kb-block=\"kb-adv-heading696_a92848-50\"><\/p>\n<\/div><\/div>\n\n<\/div><\/div><\/div><\/div>\n\n<\/div><\/div>\n\n<style>.kb-row-layout-id696_8fa741-45 > .kt-row-column-wrap{align-content:start;}:where(.kb-row-layout-id696_8fa741-45 > .kt-row-column-wrap) > .wp-block-kadence-column{justify-content:start;}.kb-row-layout-id696_8fa741-45 > .kt-row-column-wrap{column-gap:var(--global-kb-gap-md, 2rem);row-gap:var(--global-kb-gap-md, 2rem);max-width:1099px;margin-left:auto;margin-right:auto;padding-top:var(--global-kb-spacing-sm, 1.5rem);padding-bottom:var(--global-kb-spacing-sm, 1.5rem);grid-template-columns:repeat(2, minmax(0, 1fr));}.kb-row-layout-id696_8fa741-45 > .kt-row-layout-overlay{opacity:0.30;}@media all and (max-width: 1024px){.kb-row-layout-id696_8fa741-45 > .kt-row-column-wrap{grid-template-columns:repeat(2, minmax(0, 1fr));}}@media all and (max-width: 767px){.kb-row-layout-id696_8fa741-45 > .kt-row-column-wrap{grid-template-columns:minmax(0, 1fr);}}<\/style><div class=\"kb-row-layout-wrap kb-row-layout-id696_8fa741-45 alignnone wp-block-kadence-rowlayout\"><div class=\"kt-row-column-wrap kt-has-2-columns kt-row-layout-equal kt-tab-layout-inherit kt-mobile-layout-row kt-row-valign-top\">\n<style>.kadence-column696_15a608-02 > .kt-inside-inner-col,.kadence-column696_15a608-02 > .kt-inside-inner-col:before{border-top-left-radius:0px;border-top-right-radius:0px;border-bottom-right-radius:0px;border-bottom-left-radius:0px;}.kadence-column696_15a608-02 > .kt-inside-inner-col{column-gap:var(--global-kb-gap-sm, 1rem);}.kadence-column696_15a608-02 > .kt-inside-inner-col{flex-direction:column;}.kadence-column696_15a608-02 > .kt-inside-inner-col > .aligncenter{width:100%;}.kadence-column696_15a608-02 > .kt-inside-inner-col{background-color:var(--global-palette7, #EDF2F7);}.kadence-column696_15a608-02 > .kt-inside-inner-col:before{opacity:0.3;}.kadence-column696_15a608-02{position:relative;}@media all and (max-width: 1024px){.kadence-column696_15a608-02 > .kt-inside-inner-col{flex-direction:column;justify-content:center;}}@media all and (max-width: 767px){.kadence-column696_15a608-02 > .kt-inside-inner-col{flex-direction:column;justify-content:center;}}<\/style>\n<div class=\"wp-block-kadence-column kadence-column696_15a608-02\"><div class=\"kt-inside-inner-col\"><style>.wp-block-kadence-column.kb-section-dir-horizontal > .kt-inside-inner-col > .kt-info-box696_b27e31-b7 .kt-blocks-info-box-link-wrap{max-width:unset;}.kt-info-box696_b27e31-b7 .kt-blocks-info-box-link-wrap{border-top:5px solid var(--global-palette7, #eeeeee);border-right:5px solid var(--global-palette7, #eeeeee);border-bottom:5px solid var(--global-palette7, #eeeeee);border-left:5px solid var(--global-palette7, #eeeeee);background:#ffffff;padding-top:var(--global-kb-spacing-sm, 1.5rem);padding-right:var(--global-kb-spacing-sm, 1.5rem);padding-bottom:var(--global-kb-spacing-sm, 1.5rem);padding-left:var(--global-kb-spacing-sm, 1.5rem);}.kt-info-box696_b27e31-b7 .kadence-info-box-icon-container .kt-info-svg-icon, .kt-info-box696_b27e31-b7 .kt-info-svg-icon-flip, .kt-info-box696_b27e31-b7 .kt-blocks-info-box-number{font-size:50px;}.kt-info-box696_b27e31-b7 .kt-blocks-info-box-media{background:var(--global-palette7, #eeeeee);border-top-width:0px;border-right-width:0px;border-bottom-width:0px;border-left-width:0px;padding-top:20px;padding-right:20px;padding-bottom:20px;padding-left:20px;}.kt-info-box696_b27e31-b7 .kt-blocks-info-box-media-container{margin-top:0px;margin-right:0px;margin-bottom:16px;margin-left:0px;}.kt-info-box696_b27e31-b7 .kt-infobox-textcontent h2.kt-blocks-info-box-title{padding-top:0px;padding-right:0px;padding-bottom:0px;padding-left:0px;margin-top:5px;margin-right:0px;margin-bottom:10px;margin-left:0px;}.kt-info-box696_b27e31-b7 .kt-blocks-info-box-learnmore{background:transparent;border-width:0px 0px 0px 0px;padding-top:4px;padding-right:8px;padding-bottom:4px;padding-left:8px;margin-top:10px;margin-right:0px;margin-bottom:10px;margin-left:0px;}@media all and (max-width: 1024px){.kt-info-box696_b27e31-b7 .kt-blocks-info-box-link-wrap{border-top:5px solid var(--global-palette7, #eeeeee);border-right:5px solid var(--global-palette7, #eeeeee);border-bottom:5px solid var(--global-palette7, #eeeeee);border-left:5px solid var(--global-palette7, #eeeeee);}}@media all and (max-width: 767px){.kt-info-box696_b27e31-b7 .kt-blocks-info-box-link-wrap{border-top:5px solid var(--global-palette7, #eeeeee);border-right:5px solid var(--global-palette7, #eeeeee);border-bottom:5px solid var(--global-palette7, #eeeeee);border-left:5px solid var(--global-palette7, #eeeeee);}}<\/style>\n<div class=\"wp-block-kadence-infobox kt-info-box696_b27e31-b7\"><span class=\"kt-blocks-info-box-link-wrap info-box-link kt-blocks-info-box-media-align-top kt-info-halign-left\"><div class=\"kt-blocks-info-box-media-container\"><div class=\"kt-blocks-info-box-media kt-info-media-animate-none\"><div class=\"kadence-info-box-icon-container kt-info-icon-animate-none\"><div class=\"kadence-info-box-icon-inner-container\"><span class=\"kb-svg-icon-wrap kb-svg-icon-fe_archive kt-info-svg-icon\"><svg viewBox=\"0 0 24 24\"  fill=\"none\" stroke=\"currentColor\" stroke-width=\"2\" stroke-linecap=\"round\" stroke-linejoin=\"round\" xmlns=\"http:\/\/www.w3.org\/2000\/svg\"  aria-hidden=\"true\"><polyline points=\"21 8 21 21 3 21 3 8\"\/><rect x=\"1\" y=\"3\" width=\"22\" height=\"5\"\/><line x1=\"10\" y1=\"12\" x2=\"14\" y2=\"12\"\/><\/svg><\/span><\/div><\/div><\/div><\/div><div class=\"kt-infobox-textcontent\"><h2 class=\"kt-blocks-info-box-title\">Biuro<\/h2><p class=\"kt-blocks-info-box-text\">Godziny otwarcia: poniedzia\u0142ek-pi\u0105tek, 9.00-15.00<br>31-464 Krak\u00f3w, ul. Wiejska 5<br><br><br><strong>Nr konta<\/strong>: mBank 33 1140 2004 0000 3102 8365 4395<br><\/p><\/div><\/span><\/div>\n<\/div><\/div>\n\n\n<style>.kadence-column696_302139-d2 > .kt-inside-inner-col,.kadence-column696_302139-d2 > .kt-inside-inner-col:before{border-top-left-radius:0px;border-top-right-radius:0px;border-bottom-right-radius:0px;border-bottom-left-radius:0px;}.kadence-column696_302139-d2 > .kt-inside-inner-col{column-gap:var(--global-kb-gap-sm, 1rem);}.kadence-column696_302139-d2 > .kt-inside-inner-col{flex-direction:column;}.kadence-column696_302139-d2 > .kt-inside-inner-col > .aligncenter{width:100%;}.kadence-column696_302139-d2 > .kt-inside-inner-col:before{opacity:0.3;}.kadence-column696_302139-d2{position:relative;}@media all and (max-width: 1024px){.kadence-column696_302139-d2 > .kt-inside-inner-col{flex-direction:column;justify-content:center;}}@media all and (max-width: 767px){.kadence-column696_302139-d2 > .kt-inside-inner-col{flex-direction:column;justify-content:center;}}<\/style>\n<div class=\"wp-block-kadence-column kadence-column696_302139-d2\"><div class=\"kt-inside-inner-col\"><style>.wp-block-kadence-column.kb-section-dir-horizontal > .kt-inside-inner-col > .kt-info-box696_702e46-ab .kt-blocks-info-box-link-wrap{max-width:unset;}.kt-info-box696_702e46-ab .kt-blocks-info-box-link-wrap{border-top:5px solid var(--global-palette7, #eeeeee);border-right:5px solid var(--global-palette7, #eeeeee);border-bottom:5px solid var(--global-palette7, #eeeeee);border-left:5px solid var(--global-palette7, #eeeeee);background:#ffffff;padding-top:var(--global-kb-spacing-sm, 1.5rem);padding-right:var(--global-kb-spacing-sm, 1.5rem);padding-bottom:var(--global-kb-spacing-sm, 1.5rem);padding-left:var(--global-kb-spacing-sm, 1.5rem);}.kt-info-box696_702e46-ab .kadence-info-box-icon-container .kt-info-svg-icon, .kt-info-box696_702e46-ab .kt-info-svg-icon-flip, .kt-info-box696_702e46-ab .kt-blocks-info-box-number{font-size:50px;}.kt-info-box696_702e46-ab .kt-blocks-info-box-media{background:var(--global-palette7, #eeeeee);border-color:var(--global-palette7, #eeeeee);border-top-width:0px;border-right-width:0px;border-bottom-width:0px;border-left-width:0px;padding-top:20px;padding-right:20px;padding-bottom:20px;padding-left:20px;}.kt-info-box696_702e46-ab .kt-blocks-info-box-media-container{margin-top:0px;margin-right:0px;margin-bottom:16px;margin-left:0px;}.kt-info-box696_702e46-ab .kt-infobox-textcontent h2.kt-blocks-info-box-title{padding-top:0px;padding-right:0px;padding-bottom:0px;padding-left:0px;margin-top:5px;margin-right:0px;margin-bottom:10px;margin-left:0px;}.kt-info-box696_702e46-ab .kt-blocks-info-box-learnmore{background:transparent;border-width:0px 0px 0px 0px;padding-top:4px;padding-right:8px;padding-bottom:4px;padding-left:8px;margin-top:10px;margin-right:0px;margin-bottom:10px;margin-left:0px;}@media all and (max-width: 1024px){.kt-info-box696_702e46-ab .kt-blocks-info-box-link-wrap{border-top:5px solid var(--global-palette7, #eeeeee);border-right:5px solid var(--global-palette7, #eeeeee);border-bottom:5px solid var(--global-palette7, #eeeeee);border-left:5px solid var(--global-palette7, #eeeeee);}}@media all and (max-width: 767px){.kt-info-box696_702e46-ab .kt-blocks-info-box-link-wrap{border-top:5px solid var(--global-palette7, #eeeeee);border-right:5px solid var(--global-palette7, #eeeeee);border-bottom:5px solid var(--global-palette7, #eeeeee);border-left:5px solid var(--global-palette7, #eeeeee);}}<\/style>\n<div class=\"wp-block-kadence-infobox kt-info-box696_702e46-ab\"><span class=\"kt-blocks-info-box-link-wrap info-box-link kt-blocks-info-box-media-align-top kt-info-halign-left\"><div class=\"kt-blocks-info-box-media-container\"><div class=\"kt-blocks-info-box-media kt-info-media-animate-none\"><div class=\"kadence-info-box-icon-container kt-info-icon-animate-none\"><div class=\"kadence-info-box-icon-inner-container\"><span class=\"kb-svg-icon-wrap kb-svg-icon-fe_phone kt-info-svg-icon\"><svg viewBox=\"0 0 24 24\"  fill=\"none\" stroke=\"currentColor\" stroke-width=\"2\" stroke-linecap=\"round\" stroke-linejoin=\"round\" xmlns=\"http:\/\/www.w3.org\/2000\/svg\"  aria-hidden=\"true\"><path d=\"M22 16.92v3a2 2 0 0 1-2.18 2 19.79 19.79 0 0 1-8.63-3.07 19.5 19.5 0 0 1-6-6 19.79 19.79 0 0 1-3.07-8.67A2 2 0 0 1 4.11 2h3a2 2 0 0 1 2 1.72 12.84 12.84 0 0 0 .7 2.81 2 2 0 0 1-.45 2.11L8.09 9.91a16 16 0 0 0 6 6l1.27-1.27a2 2 0 0 1 2.11-.45 12.84 12.84 0 0 0 2.81.7A2 2 0 0 1 22 16.92z\"\/><\/svg><\/span><\/div><\/div><\/div><\/div><div class=\"kt-infobox-textcontent\"><h2 class=\"kt-blocks-info-box-title\">Osoby do kontaktu<\/h2><p class=\"kt-blocks-info-box-text\">Ania &#8211; koordynator biura<br>tel.: 668 733 931, e-mail:\u00a0<a href=\"mailto:gestalt@haller.krakow.pl\" target=\"_blank\" rel=\"noreferrer noopener\">gestalt@haller.krakow.pl<\/a><br><br>Tomek &#8211; kierownik oboz\u00f3w<br>tel.: 660 085 300, e-mail:\u00a0<a href=\"mailto:tomasz.sacha@haller.krakow.pl\" target=\"_blank\" rel=\"noreferrer noopener\">tomasz.sacha@haller.krakow.pl<\/a><\/p><\/div><\/span><\/div>\n<\/div><\/div>\n\n<\/div><\/div>\n\n<style>.wp-block-kadence-column.kb-section-dir-horizontal > .kt-inside-inner-col > .kt-info-box696_9c1171-a0 .kt-blocks-info-box-link-wrap{max-width:unset;}.kt-info-box696_9c1171-a0 .kt-blocks-info-box-link-wrap{padding-top:var(--global-kb-spacing-xs, 1rem);padding-right:var(--global-kb-spacing-xs, 1rem);padding-bottom:var(--global-kb-spacing-xs, 1rem);padding-left:var(--global-kb-spacing-xs, 1rem);}.kt-info-box696_9c1171-a0 .kadence-info-box-icon-container .kt-info-svg-icon, .kt-info-box696_9c1171-a0 .kt-info-svg-icon-flip, .kt-info-box696_9c1171-a0 .kt-blocks-info-box-number{font-size:50px;}.kt-info-box696_9c1171-a0 .kt-blocks-info-box-media{border-top-width:0px;border-right-width:0px;border-bottom-width:0px;border-left-width:0px;padding-top:10px;padding-right:10px;padding-bottom:10px;padding-left:10px;}.kt-info-box696_9c1171-a0 .kt-blocks-info-box-media-container{margin-top:0px;margin-right:15px;margin-bottom:0px;margin-left:15px;}.kt-info-box696_9c1171-a0 .kt-blocks-info-box-learnmore{background:transparent;border-width:0px 0px 0px 0px;padding-top:4px;padding-right:8px;padding-bottom:4px;padding-left:8px;margin-top:10px;margin-right:0px;margin-bottom:10px;margin-left:0px;}<\/style>\n<div class=\"wp-block-kadence-infobox kt-info-box696_9c1171-a0\"><span class=\"kt-blocks-info-box-link-wrap info-box-link kt-blocks-info-box-media-align-top kt-info-halign-center\"><div class=\"kt-blocks-info-box-media-container\"><div class=\"kt-blocks-info-box-media kt-info-media-animate-none\"><div class=\"kadence-info-box-icon-container kt-info-icon-animate-none\"><div class=\"kadence-info-box-icon-inner-container\"><span class=\"kb-svg-icon-wrap kb-svg-icon-fe_arrowRight kt-info-svg-icon\"><svg viewBox=\"0 0 24 24\"  fill=\"none\" stroke=\"currentColor\" stroke-width=\"2\" stroke-linecap=\"round\" stroke-linejoin=\"round\" xmlns=\"http:\/\/www.w3.org\/2000\/svg\"  aria-hidden=\"true\"><line x1=\"5\" y1=\"12\" x2=\"19\" y2=\"12\"\/><polyline points=\"12 5 19 12 12 19\"\/><\/svg><\/span><\/div><\/div><\/div><\/div><div class=\"kt-infobox-textcontent\"><h2 class=\"kt-blocks-info-box-title\">Jak do nas dojecha\u0107<\/h2><p class=\"kt-blocks-info-box-text\"><\/p><\/div><\/span><\/div>\n\n\n<style>.kb-google-maps-container696_9d7c98-a9{height:450px;margin-top:0px;}<\/style><div class=\"kb-google-maps-container kb-google-maps-container696_9d7c98-a9  wp-block-kadence-googlemaps\" data-mapid=\"696_9d7c98a9\"><iframe width=\"100%\" height=\"100%\"\n\t\t\t\t\t\t\tstyle=\"border:0\" loading=\"lazy\"\n\t\t\t\t\t\t\tsrc=\"https:\/\/www.google.com\/maps\/embed\/v1\/place?key=AIzaSyBAM2o7PiQqwk15LC1XRH2e_KJ-jUa7KYk&#038;zoom=11&#038;maptype=roadmap&#038;q=Obozy+Gestalt\"\n\t\t\t\t\t\t\ttitle=\"Google map of Obozy Gestalt\"><\/iframe><\/div><script>function kb_google_map696_9d7c98a9() { let center = { lat: 37.8201, lng: -122.4781}; let map = new google.maps.Map(document.getElementById(\"kb-google-map696_9d7c98a9\"), {\n\t\t\t\t\t    zoom: 11,\n\t\t\t\t\t    center: center,});let marker = new google.maps.Marker({   position: { lat: 37.8201, lng: -122.4781},    map: map,  });}<\/script>\n\n","protected":false},"excerpt":{"rendered":"<p>KOntakt Answers Have a Question?Contact Us! Lorem ipsum dolor sit amet, consectetur adipiscing elit, sed do eiusmod tempor incididunt ut labore et dolore magna aliqua. Augue neque gravida in fermentum&#8230;<\/p>\n","protected":false},"author":1,"featured_media":0,"parent":0,"menu_order":0,"comment_status":"closed","ping_status":"closed","template":"","meta":{"_EventAllDay":false,"_EventTimezone":"","_EventStartDate":"","_EventEndDate":"","_EventStartDateUTC":"","_EventEndDateUTC":"","_EventShowMap":false,"_EventShowMapLink":false,"_EventURL":"","_EventCost":"","_EventCostDescription":"","_EventCurrencySymbol":"","_EventCurrencyCode":"","_EventCurrencyPosition":"","_EventDateTimeSeparator":"","_EventTimeRangeSeparator":"","_EventOrganizerID":[],"_EventVenueID":[],"_OrganizerEmail":"","_OrganizerPhone":"","_OrganizerWebsite":"","_VenueAddress":"","_VenueCity":"","_VenueCountry":"","_VenueProvince":"","_VenueState":"","_VenueZip":"","_VenuePhone":"","_VenueURL":"","_VenueStateProvince":"","_VenueLat":"","_VenueLng":"","_VenueShowMap":false,"_VenueShowMapLink":false,"_kadence_starter_templates_imported_post":true,"_kad_post_transparent":"","_kad_post_title":"","_kad_post_layout":"","_kad_post_sidebar_id":"","_kad_post_content_style":"","_kad_post_vertical_padding":"","_kad_post_feature":"","_kad_post_feature_position":"","_kad_post_header":false,"_kad_post_footer":false,"_kad_post_classname":"","footnotes":""},"class_list":["post-696","page","type-page","status-publish","hentry"],"_links":{"self":[{"href":"https:\/\/obozygestalt.pl\/index.php?rest_route=\/wp\/v2\/pages\/696","targetHints":{"allow":["GET"]}}],"collection":[{"href":"https:\/\/obozygestalt.pl\/index.php?rest_route=\/wp\/v2\/pages"}],"about":[{"href":"https:\/\/obozygestalt.pl\/index.php?rest_route=\/wp\/v2\/types\/page"}],"author":[{"embeddable":true,"href":"https:\/\/obozygestalt.pl\/index.php?rest_route=\/wp\/v2\/users\/1"}],"replies":[{"embeddable":true,"href":"https:\/\/obozygestalt.pl\/index.php?rest_route=%2Fwp%2Fv2%2Fcomments&post=696"}],"version-history":[{"count":16,"href":"https:\/\/obozygestalt.pl\/index.php?rest_route=\/wp\/v2\/pages\/696\/revisions"}],"predecessor-version":[{"id":2016,"href":"https:\/\/obozygestalt.pl\/index.php?rest_route=\/wp\/v2\/pages\/696\/revisions\/2016"}],"wp:attachment":[{"href":"https:\/\/obozygestalt.pl\/index.php?rest_route=%2Fwp%2Fv2%2Fmedia&parent=696"}],"curies":[{"name":"wp","href":"https:\/\/api.w.org\/{rel}","templated":true}]}}